{"id":647,"date":"2021-03-29T02:13:52","date_gmt":"2021-03-29T00:13:52","guid":{"rendered":"http:\/\/localhost\/nuss\/?page_id=647"},"modified":"2023-07-13T22:25:17","modified_gmt":"2023-07-13T20:25:17","slug":"kulinarik","status":"publish","type":"page","link":"https:\/\/almgasthaus-glocknerblick.at\/en\/kulinarik\/","title":{"rendered":"culinary arts"},"content":{"rendered":"<div data-elementor-type=\"wp-page\" data-elementor-id=\"647\" class=\"elementor elementor-647\">\n\t\t\t\t\t\t<section class=\"elementor-section elementor-top-section elementor-element elementor-element-3353bc8 elementor-section-boxed elementor-section-gap-beside-yes elementor-section-height-default elementor-section-height-default elementor-section-column-vertical-align-stretch\" data-id=\"3353bc8\" data-element_type=\"section\" data-e-type=\"section\">\n\t\t\t\t\t\t<div class=\"elementor-container elementor-column-gap-extended\">\n\t\t\t\t\t<div class=\"elementor-column elementor-col-100 elementor-top-column elementor-element elementor-element-0a2bc64\" data-id=\"0a2bc64\" data-element_type=\"column\" data-e-type=\"column\">\n\t\t\t<div class=\"elementor-widget-wrap elementor-element-populated\">\n\t\t\t\t\t\t<div class=\"elementor-element elementor-element-447e3ef elementor-widget__width-initial elementor-invisible elementor-widget elementor-widget-text-editor\" data-id=\"447e3ef\" data-element_type=\"widget\" data-e-type=\"widget\" data-settings=\"{&quot;_animation&quot;:&quot;nussFadeInUp&quot;}\" data-widget_type=\"text-editor.default\">\n\t\t\t\t<div class=\"elementor-widget-container\">\n\t\t\t\t\t\t\t\t\t<p>Wir verzaubern nicht nur ihre Augen, sondern auch ihren Gaumen. Tauchen sie ein in unsere K\u00f6stlichkeiten<\/p>\t\t\t\t\t\t\t\t<\/div>\n\t\t\t\t<\/div>\n\t\t\t\t\t<\/div>\n\t\t<\/div>\n\t\t\t\t\t<\/div>\n\t\t<\/section>\n\t\t\t\t<section class=\"elementor-section elementor-top-section elementor-element elementor-element-eb870d9 elementor-section-boxed elementor-section-gap-beside-yes elementor-section-height-default elementor-section-height-default elementor-section-column-vertical-align-stretch\" data-id=\"eb870d9\" data-element_type=\"section\" data-e-type=\"section\">\n\t\t\t\t\t\t<div class=\"elementor-container elementor-column-gap-extended\">\n\t\t\t\t\t<div class=\"elementor-column elementor-col-50 elementor-top-column elementor-element elementor-element-2f5d206\" data-id=\"2f5d206\" data-element_type=\"column\" data-e-type=\"column\">\n\t\t\t<div class=\"elementor-widget-wrap elementor-element-populated\">\n\t\t\t\t\t\t<div class=\"elementor-element elementor-element-a0de317 elementor-invisible nuss-elementor-loading nuss-slide-in-right elementor-widget elementor-widget-image\" data-id=\"a0de317\" data-element_type=\"widget\" data-e-type=\"widget\" data-settings=\"{&quot;_animation&quot;:&quot;nussSlideInRight&quot;}\" data-widget_type=\"image.default\">\n\t\t\t\t<div class=\"elementor-widget-container\">\n\t\t\t\t\t\t\t\t\t\t\t\t<figure class=\"wp-caption\">\n\t\t\t\t\t\t\t\t\t\t<img fetchpriority=\"high\" decoding=\"async\" width=\"1708\" height=\"2048\" src=\"https:\/\/almgasthaus-glocknerblick.at\/wp-content\/uploads\/2023\/07\/20230713_140024-01-1-1708x2048.jpeg\" class=\"attachment-2048x2048 size-2048x2048 wp-image-6134\" alt=\"\" srcset=\"https:\/\/almgasthaus-glocknerblick.at\/wp-content\/uploads\/2023\/07\/20230713_140024-01-1-1708x2048.jpeg 1708w, https:\/\/almgasthaus-glocknerblick.at\/wp-content\/uploads\/2023\/07\/20230713_140024-01-1-250x300.jpeg 250w, https:\/\/almgasthaus-glocknerblick.at\/wp-content\/uploads\/2023\/07\/20230713_140024-01-1-854x1024.jpeg 854w, https:\/\/almgasthaus-glocknerblick.at\/wp-content\/uploads\/2023\/07\/20230713_140024-01-1-768x921.jpeg 768w, https:\/\/almgasthaus-glocknerblick.at\/wp-content\/uploads\/2023\/07\/20230713_140024-01-1-1281x1536.jpeg 1281w, https:\/\/almgasthaus-glocknerblick.at\/wp-content\/uploads\/2023\/07\/20230713_140024-01-1-600x719.jpeg 600w\" sizes=\"(max-width: 1708px) 100vw, 1708px\" \/>\t\t\t\t\t\t\t\t\t\t\t<figcaption class=\"widget-image-caption wp-caption-text\"><\/figcaption>\n\t\t\t\t\t\t\t\t\t\t<\/figure>\n\t\t\t\t\t\t\t\t\t<\/div>\n\t\t\t\t<\/div>\n\t\t\t\t\t<\/div>\n\t\t<\/div>\n\t\t\t\t<div class=\"elementor-column elementor-col-50 elementor-top-column elementor-element elementor-element-36be69e\" data-id=\"36be69e\" data-element_type=\"column\" data-e-type=\"column\">\n\t\t\t<div class=\"elementor-widget-wrap elementor-element-populated\">\n\t\t\t\t\t\t<div class=\"elementor-element elementor-element-157da33 elementor-invisible elementor-widget elementor-widget-heading\" data-id=\"157da33\" data-element_type=\"widget\" data-e-type=\"widget\" data-settings=\"{&quot;_animation&quot;:&quot;nussFadeInUp&quot;}\" data-widget_type=\"heading.default\">\n\t\t\t\t<div class=\"elementor-widget-container\">\n\t\t\t\t\t<h3 class=\"elementor-heading-title elementor-size-default\">Our delicacies\n<\/h3>\t\t\t\t<\/div>\n\t\t\t\t<\/div>\n\t\t\t\t<div class=\"elementor-element elementor-element-a5c4fb7 elementor-invisible elementor-widget elementor-widget-text-editor\" data-id=\"a5c4fb7\" data-element_type=\"widget\" data-e-type=\"widget\" data-settings=\"{&quot;_animation&quot;:&quot;nussFadeInUp&quot;}\" data-widget_type=\"text-editor.default\">\n\t\t\t\t<div class=\"elementor-widget-container\">\n\t\t\t\t\t\t\t\t\t<p>Um einem Tag in der Natur einen angemessenen Ausklang zu verleihen, l\u00e4sst man sich am besten mit der Kulinarik des Hauses verw\u00f6hnen. Hofeigene Qualit\u00e4tsprodukte auf der <em>Bretteljause<\/em> und regionale Spezialit\u00e4ten wie<em> K\u00e4rntner Kasnudl, Fleischkrapfen mit Sauerkraut, Schweinsbraten und Kaiserschmarren<\/em> werden mit gro\u00dfer Sorgfalt zubereitet.<\/p>\t\t\t\t\t\t\t\t<\/div>\n\t\t\t\t<\/div>\n\t\t\t\t\t<\/div>\n\t\t<\/div>\n\t\t\t\t\t<\/div>\n\t\t<\/section>\n\t\t\t\t<section class=\"elementor-section elementor-top-section elementor-element elementor-element-30e46d3 elementor-section-boxed elementor-section-gap-beside-yes elementor-section-height-default elementor-section-height-default elementor-section-column-vertical-align-stretch\" data-id=\"30e46d3\" data-element_type=\"section\" data-e-type=\"section\">\n\t\t\t\t\t\t<div class=\"elementor-container elementor-column-gap-extended\">\n\t\t\t\t\t<div class=\"elementor-column elementor-col-50 elementor-top-column elementor-element elementor-element-5100fae\" data-id=\"5100fae\" data-element_type=\"column\" data-e-type=\"column\">\n\t\t\t<div class=\"elementor-widget-wrap elementor-element-populated\">\n\t\t\t\t\t\t<div class=\"elementor-element elementor-element-5b35b86 elementor-invisible elementor-widget elementor-widget-text-editor\" data-id=\"5b35b86\" data-element_type=\"widget\" data-e-type=\"widget\" data-settings=\"{&quot;_animation&quot;:&quot;nussFadeInUp&quot;}\" data-widget_type=\"text-editor.default\">\n\t\t\t\t<div class=\"elementor-widget-container\">\n\t\t\t\t\t\t\t\t\t<p>K\u00f6stlichkeiten wie\u00a0<em>Hirschbraten und Hirschgulasch\u00a0<\/em>am Almgasthaus Glocknerblick sind unter Genie\u00dfern bekannt und werden direkt aus der Nationalparkregion bezogen. Den kr\u00f6nenden Abschluss bieten \u00a0hausgemachte Dessert-Gen\u00fcsse oder ein Zirbenschnapserl.<\/p>\t\t\t\t\t\t\t\t<\/div>\n\t\t\t\t<\/div>\n\t\t\t\t\t<\/div>\n\t\t<\/div>\n\t\t\t\t<div class=\"elementor-column elementor-col-50 elementor-top-column elementor-element elementor-element-79980b6\" data-id=\"79980b6\" data-element_type=\"column\" data-e-type=\"column\">\n\t\t\t<div class=\"elementor-widget-wrap elementor-element-populated\">\n\t\t\t\t\t\t<div class=\"elementor-element elementor-element-59c2d22 elementor-invisible nuss-elementor-loading nuss-slide-in-left elementor-widget elementor-widget-image\" data-id=\"59c2d22\" data-element_type=\"widget\" data-e-type=\"widget\" data-settings=\"{&quot;_animation&quot;:&quot;nussSlideInLeft&quot;}\" data-widget_type=\"image.default\">\n\t\t\t\t<div class=\"elementor-widget-container\">\n\t\t\t\t\t\t\t\t\t\t\t\t\t\t\t<img decoding=\"async\" width=\"2560\" height=\"1441\" src=\"https:\/\/almgasthaus-glocknerblick.at\/wp-content\/uploads\/2023\/07\/20230713_141038-scaled.jpg\" class=\"attachment-full size-full wp-image-6135\" alt=\"\" srcset=\"https:\/\/almgasthaus-glocknerblick.at\/wp-content\/uploads\/2023\/07\/20230713_141038-scaled.jpg 2560w, https:\/\/almgasthaus-glocknerblick.at\/wp-content\/uploads\/2023\/07\/20230713_141038-300x169.jpg 300w, https:\/\/almgasthaus-glocknerblick.at\/wp-content\/uploads\/2023\/07\/20230713_141038-1024x577.jpg 1024w, https:\/\/almgasthaus-glocknerblick.at\/wp-content\/uploads\/2023\/07\/20230713_141038-768x432.jpg 768w, https:\/\/almgasthaus-glocknerblick.at\/wp-content\/uploads\/2023\/07\/20230713_141038-1536x865.jpg 1536w, https:\/\/almgasthaus-glocknerblick.at\/wp-content\/uploads\/2023\/07\/20230713_141038-2048x1153.jpg 2048w, https:\/\/almgasthaus-glocknerblick.at\/wp-content\/uploads\/2023\/07\/20230713_141038-600x338.jpg 600w\" sizes=\"(max-width: 2560px) 100vw, 2560px\" \/>\t\t\t\t\t\t\t\t\t\t\t\t\t\t\t<\/div>\n\t\t\t\t<\/div>\n\t\t\t\t\t<\/div>\n\t\t<\/div>\n\t\t\t\t\t<\/div>\n\t\t<\/section>\n\t\t\t\t<\/div>","protected":false},"excerpt":{"rendered":"<p>Wir verzaubern nicht nur ihre Augen, sondern auch ihren Gaumen. Tauchen sie ein in unsere K\u00f6stlichkeiten Unsere K\u00f6stlichkeiten Um einem Tag in der Natur einen angemessenen Ausklang zu verleihen, l\u00e4sst man sich am besten mit der Kulinarik des Hauses verw\u00f6hnen. Hofeigene Qualit\u00e4tsprodukte auf der Bretteljause und regionale Spezialit\u00e4ten wie K\u00e4rntner Kasnudl, Fleischkrapfen mit Sauerkraut, Schweinsbraten [&hellip;]<\/p>\n","protected":false},"author":1,"featured_media":0,"parent":0,"menu_order":0,"comment_status":"closed","ping_status":"closed","template":"","meta":{"footnotes":""},"class_list":["post-647","page","type-page","status-publish","hentry","post-no-thumbnail"],"yoast_head":"<!-- This site is optimized with the Yoast SEO plugin v27.3 - https:\/\/yoast.com\/product\/yoast-seo-wordpress\/ -->\n<title>Kulinarik - Almgasthaus Glocknerblick<\/title>\n<meta name=\"robots\" content=\"index, follow, max-snippet:-1, max-image-preview:large, max-video-preview:-1\" \/>\n<link rel=\"canonical\" href=\"https:\/\/almgasthaus-glocknerblick.at\/en\/kulinarik\/\" \/>\n<meta property=\"og:locale\" content=\"en_US\" \/>\n<meta property=\"og:type\" content=\"article\" \/>\n<meta property=\"og:title\" content=\"Kulinarik - Almgasthaus Glocknerblick\" \/>\n<meta property=\"og:description\" content=\"Wir verzaubern nicht nur ihre Augen, sondern auch ihren Gaumen. Tauchen sie ein in unsere K\u00f6stlichkeiten Unsere K\u00f6stlichkeiten Um einem Tag in der Natur einen angemessenen Ausklang zu verleihen, l\u00e4sst man sich am besten mit der Kulinarik des Hauses verw\u00f6hnen. Hofeigene Qualit\u00e4tsprodukte auf der Bretteljause und regionale Spezialit\u00e4ten wie K\u00e4rntner Kasnudl, Fleischkrapfen mit Sauerkraut, Schweinsbraten [&hellip;]\" \/>\n<meta property=\"og:url\" content=\"https:\/\/almgasthaus-glocknerblick.at\/en\/kulinarik\/\" \/>\n<meta property=\"og:site_name\" content=\"Almgasthaus Glocknerblick\" \/>\n<meta property=\"article:modified_time\" content=\"2023-07-13T20:25:17+00:00\" \/>\n<meta property=\"og:image\" content=\"https:\/\/almgasthaus-glocknerblick.at\/wp-content\/uploads\/2023\/07\/20230713_140024-01-1-1708x2048.jpeg\" \/>\n<meta name=\"twitter:card\" content=\"summary_large_image\" \/>\n<meta name=\"twitter:label1\" content=\"Est. reading time\" \/>\n\t<meta name=\"twitter:data1\" content=\"1 minute\" \/>\n<script type=\"application\/ld+json\" class=\"yoast-schema-graph\">{\"@context\":\"https:\\\/\\\/schema.org\",\"@graph\":[{\"@type\":\"WebPage\",\"@id\":\"https:\\\/\\\/almgasthaus-glocknerblick.at\\\/kulinarik\\\/\",\"url\":\"https:\\\/\\\/almgasthaus-glocknerblick.at\\\/kulinarik\\\/\",\"name\":\"Kulinarik - Almgasthaus Glocknerblick\",\"isPartOf\":{\"@id\":\"https:\\\/\\\/almgasthaus-glocknerblick.at\\\/#website\"},\"primaryImageOfPage\":{\"@id\":\"https:\\\/\\\/almgasthaus-glocknerblick.at\\\/kulinarik\\\/#primaryimage\"},\"image\":{\"@id\":\"https:\\\/\\\/almgasthaus-glocknerblick.at\\\/kulinarik\\\/#primaryimage\"},\"thumbnailUrl\":\"https:\\\/\\\/almgasthaus-glocknerblick.at\\\/wp-content\\\/uploads\\\/2023\\\/07\\\/20230713_140024-01-1-1708x2048.jpeg\",\"datePublished\":\"2021-03-29T00:13:52+00:00\",\"dateModified\":\"2023-07-13T20:25:17+00:00\",\"breadcrumb\":{\"@id\":\"https:\\\/\\\/almgasthaus-glocknerblick.at\\\/kulinarik\\\/#breadcrumb\"},\"inLanguage\":\"en-US\",\"potentialAction\":[{\"@type\":\"ReadAction\",\"target\":[\"https:\\\/\\\/almgasthaus-glocknerblick.at\\\/kulinarik\\\/\"]}]},{\"@type\":\"ImageObject\",\"inLanguage\":\"en-US\",\"@id\":\"https:\\\/\\\/almgasthaus-glocknerblick.at\\\/kulinarik\\\/#primaryimage\",\"url\":\"https:\\\/\\\/almgasthaus-glocknerblick.at\\\/wp-content\\\/uploads\\\/2023\\\/07\\\/20230713_140024-01-1-1708x2048.jpeg\",\"contentUrl\":\"https:\\\/\\\/almgasthaus-glocknerblick.at\\\/wp-content\\\/uploads\\\/2023\\\/07\\\/20230713_140024-01-1-1708x2048.jpeg\"},{\"@type\":\"BreadcrumbList\",\"@id\":\"https:\\\/\\\/almgasthaus-glocknerblick.at\\\/kulinarik\\\/#breadcrumb\",\"itemListElement\":[{\"@type\":\"ListItem\",\"position\":1,\"name\":\"Startseite\",\"item\":\"https:\\\/\\\/almgasthaus-glocknerblick.at\\\/\"},{\"@type\":\"ListItem\",\"position\":2,\"name\":\"Kulinarik\"}]},{\"@type\":\"WebSite\",\"@id\":\"https:\\\/\\\/almgasthaus-glocknerblick.at\\\/#website\",\"url\":\"https:\\\/\\\/almgasthaus-glocknerblick.at\\\/\",\"name\":\"Almgasthaus Glocknerblick\",\"description\":\"Elisabeth Granig\",\"potentialAction\":[{\"@type\":\"SearchAction\",\"target\":{\"@type\":\"EntryPoint\",\"urlTemplate\":\"https:\\\/\\\/almgasthaus-glocknerblick.at\\\/?s={search_term_string}\"},\"query-input\":{\"@type\":\"PropertyValueSpecification\",\"valueRequired\":true,\"valueName\":\"search_term_string\"}}],\"inLanguage\":\"en-US\"}]}<\/script>\n<!-- \/ Yoast SEO plugin. -->","yoast_head_json":{"title":"Kulinarik - Almgasthaus Glocknerblick","robots":{"index":"index","follow":"follow","max-snippet":"max-snippet:-1","max-image-preview":"max-image-preview:large","max-video-preview":"max-video-preview:-1"},"canonical":"https:\/\/almgasthaus-glocknerblick.at\/en\/kulinarik\/","og_locale":"en_US","og_type":"article","og_title":"Kulinarik - Almgasthaus Glocknerblick","og_description":"Wir verzaubern nicht nur ihre Augen, sondern auch ihren Gaumen. Tauchen sie ein in unsere K\u00f6stlichkeiten Unsere K\u00f6stlichkeiten Um einem Tag in der Natur einen angemessenen Ausklang zu verleihen, l\u00e4sst man sich am besten mit der Kulinarik des Hauses verw\u00f6hnen. Hofeigene Qualit\u00e4tsprodukte auf der Bretteljause und regionale Spezialit\u00e4ten wie K\u00e4rntner Kasnudl, Fleischkrapfen mit Sauerkraut, Schweinsbraten [&hellip;]","og_url":"https:\/\/almgasthaus-glocknerblick.at\/en\/kulinarik\/","og_site_name":"Almgasthaus Glocknerblick","article_modified_time":"2023-07-13T20:25:17+00:00","og_image":[{"url":"https:\/\/almgasthaus-glocknerblick.at\/wp-content\/uploads\/2023\/07\/20230713_140024-01-1-1708x2048.jpeg","type":"","width":"","height":""}],"twitter_card":"summary_large_image","twitter_misc":{"Est. reading time":"1 minute"},"schema":{"@context":"https:\/\/schema.org","@graph":[{"@type":"WebPage","@id":"https:\/\/almgasthaus-glocknerblick.at\/kulinarik\/","url":"https:\/\/almgasthaus-glocknerblick.at\/kulinarik\/","name":"Kulinarik - Almgasthaus Glocknerblick","isPartOf":{"@id":"https:\/\/almgasthaus-glocknerblick.at\/#website"},"primaryImageOfPage":{"@id":"https:\/\/almgasthaus-glocknerblick.at\/kulinarik\/#primaryimage"},"image":{"@id":"https:\/\/almgasthaus-glocknerblick.at\/kulinarik\/#primaryimage"},"thumbnailUrl":"https:\/\/almgasthaus-glocknerblick.at\/wp-content\/uploads\/2023\/07\/20230713_140024-01-1-1708x2048.jpeg","datePublished":"2021-03-29T00:13:52+00:00","dateModified":"2023-07-13T20:25:17+00:00","breadcrumb":{"@id":"https:\/\/almgasthaus-glocknerblick.at\/kulinarik\/#breadcrumb"},"inLanguage":"en-US","potentialAction":[{"@type":"ReadAction","target":["https:\/\/almgasthaus-glocknerblick.at\/kulinarik\/"]}]},{"@type":"ImageObject","inLanguage":"en-US","@id":"https:\/\/almgasthaus-glocknerblick.at\/kulinarik\/#primaryimage","url":"https:\/\/almgasthaus-glocknerblick.at\/wp-content\/uploads\/2023\/07\/20230713_140024-01-1-1708x2048.jpeg","contentUrl":"https:\/\/almgasthaus-glocknerblick.at\/wp-content\/uploads\/2023\/07\/20230713_140024-01-1-1708x2048.jpeg"},{"@type":"BreadcrumbList","@id":"https:\/\/almgasthaus-glocknerblick.at\/kulinarik\/#breadcrumb","itemListElement":[{"@type":"ListItem","position":1,"name":"Startseite","item":"https:\/\/almgasthaus-glocknerblick.at\/"},{"@type":"ListItem","position":2,"name":"Kulinarik"}]},{"@type":"WebSite","@id":"https:\/\/almgasthaus-glocknerblick.at\/#website","url":"https:\/\/almgasthaus-glocknerblick.at\/","name":"Almgasthaus Glocknerblick","description":"Elisabeth Granig","potentialAction":[{"@type":"SearchAction","target":{"@type":"EntryPoint","urlTemplate":"https:\/\/almgasthaus-glocknerblick.at\/?s={search_term_string}"},"query-input":{"@type":"PropertyValueSpecification","valueRequired":true,"valueName":"search_term_string"}}],"inLanguage":"en-US"}]}},"_links":{"self":[{"href":"https:\/\/almgasthaus-glocknerblick.at\/en\/wp-json\/wp\/v2\/pages\/647","targetHints":{"allow":["GET"]}}],"collection":[{"href":"https:\/\/almgasthaus-glocknerblick.at\/en\/wp-json\/wp\/v2\/pages"}],"about":[{"href":"https:\/\/almgasthaus-glocknerblick.at\/en\/wp-json\/wp\/v2\/types\/page"}],"author":[{"embeddable":true,"href":"https:\/\/almgasthaus-glocknerblick.at\/en\/wp-json\/wp\/v2\/users\/1"}],"replies":[{"embeddable":true,"href":"https:\/\/almgasthaus-glocknerblick.at\/en\/wp-json\/wp\/v2\/comments?post=647"}],"version-history":[{"count":31,"href":"https:\/\/almgasthaus-glocknerblick.at\/en\/wp-json\/wp\/v2\/pages\/647\/revisions"}],"predecessor-version":[{"id":6138,"href":"https:\/\/almgasthaus-glocknerblick.at\/en\/wp-json\/wp\/v2\/pages\/647\/revisions\/6138"}],"wp:attachment":[{"href":"https:\/\/almgasthaus-glocknerblick.at\/en\/wp-json\/wp\/v2\/media?parent=647"}],"curies":[{"name":"wp","href":"https:\/\/api.w.org\/{rel}","templated":true}]}}