{"id":3,"date":"2023-01-12T10:47:54","date_gmt":"2023-01-12T09:47:54","guid":{"rendered":"https:\/\/almgasthaus-glocknerblick.at\/?page_id=3"},"modified":"2023-01-30T11:25:15","modified_gmt":"2023-01-30T10:25:15","slug":"datenschutzerklaerung","status":"publish","type":"page","link":"https:\/\/almgasthaus-glocknerblick.at\/en\/datenschutzerklaerung\/","title":{"rendered":"privacy policy"},"content":{"rendered":"\n<p>Der Schutz Ihrer pers\u00f6nlichen Daten ist uns ein besonderes Anliegen. Wir verarbeiten Ihre Daten daher ausschlie\u00dflich auf Grundlage der gesetzlichen Bestimmungen (DSGVO, TKG 2003). In diesen Datenschutzinformationen informieren wir Sie \u00fcber die wichtigsten Aspekte der Datenverarbeitung im Rahmen unserer Website.&nbsp;<\/p>\n\n\n\n<h4 class=\"wp-block-heading\" id=\"heading_Kontakt_mit_uns\">Kontakt mit uns<\/h4>\n\n\n\n<p>Wenn Sie per Formular auf der Website oder per E-Mail Kontakt mit uns aufnehmen, werden Ihre angegebenen Daten zwecks Bearbeitung der Anfrage und f\u00fcr den Fall von Anschlussfragen sechs Monate bei uns gespeichert. Diese Daten geben wir nicht ohne Ihre Einwilligung weiter.&nbsp;<\/p>\n\n\n\n<h4 class=\"wp-block-heading\" id=\"heading_Cookies\">Cookies<\/h4>\n\n\n\n<p>Unsere Website verwendet so genannte Cookies. Dabei handelt es sich um kleine Textdateien, die mit Hilfe des Browsers auf Ihrem Endger\u00e4t abgelegt werden. Sie richten keinen Schaden an.<\/p>\n\n\n\n<p>Wir nutzen Cookies dazu, unser Angebot nutzerfreundlich zu gestalten. Einige Cookies bleiben auf Ihrem Endger\u00e4t gespeichert, bis Sie diese l\u00f6schen. Sie erm\u00f6glichen es uns, Ihren Browser beim n\u00e4chsten Besuch wiederzuerkennen.<\/p>\n\n\n\n<p>Wenn Sie dies nicht w\u00fcnschen, so k\u00f6nnen Sie Ihren Browser so einrichten, dass er Sie \u00fcber das Setzen von Cookies informiert und Sie dies nur im Einzelfall erlauben.<\/p>\n\n\n\n<p>Bei der Deaktivierung von Cookies kann die Funktionalit\u00e4t unserer Website eingeschr\u00e4nkt sein.<\/p>\n\n\n\n<h4 class=\"wp-block-heading\" id=\"heading_Web_Analyse\">Web-Analyse<\/h4>\n\n\n\n<p>Wir verwenden keine Web-Analyse-Tools<\/p>\n\n\n\n<h4 class=\"wp-block-heading\" id=\"heading_Ihre_Rechte\">Ihre Rechte<\/h4>\n\n\n\n<p>Ihnen stehen bez\u00fcglich Ihrer bei uns gespeicherten Daten&nbsp;grunds\u00e4tzlich die Rechte auf Auskunft, Berichtigung, L\u00f6schung, Einschr\u00e4nkung, Daten\u00fcbertragbarkeit, Widerruf und Widerspruch zu. Wenn Sie glauben, dass die Verarbeitung Ihrer Daten gegen das Datenschutzrecht verst\u00f6\u00dft oder Ihre datenschutzrechtlichen Anspr\u00fcche sonst in einer Weise verletzt worden sind, k\u00f6nnen Sie sich bei der&nbsp;uns <em>[E-Mail-Adresse abgeben]<\/em> oder der Datenschutzbeh\u00f6rde beschweren.<\/p>\n\n\n\n<h4 class=\"wp-block-heading\" id=\"heading_Sie_erreichen_uns_unter_folgenden_Kontaktdaten_\">Sie erreichen uns unter folgenden Kontaktdaten:<\/h4>\n\n\n\n<p>Telefon:&nbsp;+43 (0)664 7900507<\/p>\n\n\n\n<p>Email:\u00a0<a href=\"mailto:granig.glocknerblick@gmail.com\" data-type=\"mailto\" data-id=\"mailto:granig.glocknerblick@gmail.com\">granig.glocknerblick@gmail.com<\/a><\/p>\n","protected":false},"excerpt":{"rendered":"<p>Der Schutz Ihrer pers\u00f6nlichen Daten ist uns ein besonderes Anliegen. Wir verarbeiten Ihre Daten daher ausschlie\u00dflich auf Grundlage der gesetzlichen Bestimmungen (DSGVO, TKG 2003). In diesen Datenschutzinformationen informieren wir Sie \u00fcber die wichtigsten Aspekte der Datenverarbeitung im Rahmen unserer Website.&nbsp; Kontakt mit uns Wenn Sie per Formular auf der Website oder per E-Mail Kontakt mit [&hellip;]<\/p>\n","protected":false},"author":1,"featured_media":0,"parent":0,"menu_order":0,"comment_status":"closed","ping_status":"open","template":"","meta":{"footnotes":""},"class_list":["post-3","page","type-page","status-publish","hentry","post-no-thumbnail"],"yoast_head":"<!-- This site is optimized with the Yoast SEO plugin v27.3 - https:\/\/yoast.com\/product\/yoast-seo-wordpress\/ -->\n<title>Datenschutzerkl\u00e4rung - Almgasthaus Glocknerblick<\/title>\n<meta name=\"robots\" content=\"index, follow, max-snippet:-1, max-image-preview:large, max-video-preview:-1\" \/>\n<link rel=\"canonical\" href=\"https:\/\/almgasthaus-glocknerblick.at\/en\/datenschutzerklaerung\/\" \/>\n<meta property=\"og:locale\" content=\"en_US\" \/>\n<meta property=\"og:type\" content=\"article\" \/>\n<meta property=\"og:title\" content=\"Datenschutzerkl\u00e4rung - Almgasthaus Glocknerblick\" \/>\n<meta property=\"og:description\" content=\"Der Schutz Ihrer pers\u00f6nlichen Daten ist uns ein besonderes Anliegen. Wir verarbeiten Ihre Daten daher ausschlie\u00dflich auf Grundlage der gesetzlichen Bestimmungen (DSGVO, TKG 2003). In diesen Datenschutzinformationen informieren wir Sie \u00fcber die wichtigsten Aspekte der Datenverarbeitung im Rahmen unserer Website.&nbsp; Kontakt mit uns Wenn Sie per Formular auf der Website oder per E-Mail Kontakt mit [&hellip;]\" \/>\n<meta property=\"og:url\" content=\"https:\/\/almgasthaus-glocknerblick.at\/en\/datenschutzerklaerung\/\" \/>\n<meta property=\"og:site_name\" content=\"Almgasthaus Glocknerblick\" \/>\n<meta property=\"article:modified_time\" content=\"2023-01-30T10:25:15+00:00\" \/>\n<meta name=\"twitter:card\" content=\"summary_large_image\" \/>\n<meta name=\"twitter:label1\" content=\"Est. reading time\" \/>\n\t<meta name=\"twitter:data1\" content=\"1 minute\" \/>\n<script type=\"application\/ld+json\" class=\"yoast-schema-graph\">{\"@context\":\"https:\\\/\\\/schema.org\",\"@graph\":[{\"@type\":\"WebPage\",\"@id\":\"https:\\\/\\\/almgasthaus-glocknerblick.at\\\/datenschutzerklaerung\\\/\",\"url\":\"https:\\\/\\\/almgasthaus-glocknerblick.at\\\/datenschutzerklaerung\\\/\",\"name\":\"Datenschutzerkl\u00e4rung - Almgasthaus Glocknerblick\",\"isPartOf\":{\"@id\":\"https:\\\/\\\/almgasthaus-glocknerblick.at\\\/#website\"},\"datePublished\":\"2023-01-12T09:47:54+00:00\",\"dateModified\":\"2023-01-30T10:25:15+00:00\",\"breadcrumb\":{\"@id\":\"https:\\\/\\\/almgasthaus-glocknerblick.at\\\/datenschutzerklaerung\\\/#breadcrumb\"},\"inLanguage\":\"en-US\",\"potentialAction\":[{\"@type\":\"ReadAction\",\"target\":[\"https:\\\/\\\/almgasthaus-glocknerblick.at\\\/datenschutzerklaerung\\\/\"]}]},{\"@type\":\"BreadcrumbList\",\"@id\":\"https:\\\/\\\/almgasthaus-glocknerblick.at\\\/datenschutzerklaerung\\\/#breadcrumb\",\"itemListElement\":[{\"@type\":\"ListItem\",\"position\":1,\"name\":\"Startseite\",\"item\":\"https:\\\/\\\/almgasthaus-glocknerblick.at\\\/\"},{\"@type\":\"ListItem\",\"position\":2,\"name\":\"Datenschutzerkl\u00e4rung\"}]},{\"@type\":\"WebSite\",\"@id\":\"https:\\\/\\\/almgasthaus-glocknerblick.at\\\/#website\",\"url\":\"https:\\\/\\\/almgasthaus-glocknerblick.at\\\/\",\"name\":\"Almgasthaus Glocknerblick\",\"description\":\"Elisabeth Granig\",\"potentialAction\":[{\"@type\":\"SearchAction\",\"target\":{\"@type\":\"EntryPoint\",\"urlTemplate\":\"https:\\\/\\\/almgasthaus-glocknerblick.at\\\/?s={search_term_string}\"},\"query-input\":{\"@type\":\"PropertyValueSpecification\",\"valueRequired\":true,\"valueName\":\"search_term_string\"}}],\"inLanguage\":\"en-US\"}]}<\/script>\n<!-- \/ Yoast SEO plugin. -->","yoast_head_json":{"title":"Datenschutzerkl\u00e4rung - Almgasthaus Glocknerblick","robots":{"index":"index","follow":"follow","max-snippet":"max-snippet:-1","max-image-preview":"max-image-preview:large","max-video-preview":"max-video-preview:-1"},"canonical":"https:\/\/almgasthaus-glocknerblick.at\/en\/datenschutzerklaerung\/","og_locale":"en_US","og_type":"article","og_title":"Datenschutzerkl\u00e4rung - Almgasthaus Glocknerblick","og_description":"Der Schutz Ihrer pers\u00f6nlichen Daten ist uns ein besonderes Anliegen. Wir verarbeiten Ihre Daten daher ausschlie\u00dflich auf Grundlage der gesetzlichen Bestimmungen (DSGVO, TKG 2003). In diesen Datenschutzinformationen informieren wir Sie \u00fcber die wichtigsten Aspekte der Datenverarbeitung im Rahmen unserer Website.&nbsp; Kontakt mit uns Wenn Sie per Formular auf der Website oder per E-Mail Kontakt mit [&hellip;]","og_url":"https:\/\/almgasthaus-glocknerblick.at\/en\/datenschutzerklaerung\/","og_site_name":"Almgasthaus Glocknerblick","article_modified_time":"2023-01-30T10:25:15+00:00","twitter_card":"summary_large_image","twitter_misc":{"Est. reading time":"1 minute"},"schema":{"@context":"https:\/\/schema.org","@graph":[{"@type":"WebPage","@id":"https:\/\/almgasthaus-glocknerblick.at\/datenschutzerklaerung\/","url":"https:\/\/almgasthaus-glocknerblick.at\/datenschutzerklaerung\/","name":"Datenschutzerkl\u00e4rung - Almgasthaus Glocknerblick","isPartOf":{"@id":"https:\/\/almgasthaus-glocknerblick.at\/#website"},"datePublished":"2023-01-12T09:47:54+00:00","dateModified":"2023-01-30T10:25:15+00:00","breadcrumb":{"@id":"https:\/\/almgasthaus-glocknerblick.at\/datenschutzerklaerung\/#breadcrumb"},"inLanguage":"en-US","potentialAction":[{"@type":"ReadAction","target":["https:\/\/almgasthaus-glocknerblick.at\/datenschutzerklaerung\/"]}]},{"@type":"BreadcrumbList","@id":"https:\/\/almgasthaus-glocknerblick.at\/datenschutzerklaerung\/#breadcrumb","itemListElement":[{"@type":"ListItem","position":1,"name":"Startseite","item":"https:\/\/almgasthaus-glocknerblick.at\/"},{"@type":"ListItem","position":2,"name":"Datenschutzerkl\u00e4rung"}]},{"@type":"WebSite","@id":"https:\/\/almgasthaus-glocknerblick.at\/#website","url":"https:\/\/almgasthaus-glocknerblick.at\/","name":"Almgasthaus Glocknerblick","description":"Elisabeth Granig","potentialAction":[{"@type":"SearchAction","target":{"@type":"EntryPoint","urlTemplate":"https:\/\/almgasthaus-glocknerblick.at\/?s={search_term_string}"},"query-input":{"@type":"PropertyValueSpecification","valueRequired":true,"valueName":"search_term_string"}}],"inLanguage":"en-US"}]}},"_links":{"self":[{"href":"https:\/\/almgasthaus-glocknerblick.at\/en\/wp-json\/wp\/v2\/pages\/3","targetHints":{"allow":["GET"]}}],"collection":[{"href":"https:\/\/almgasthaus-glocknerblick.at\/en\/wp-json\/wp\/v2\/pages"}],"about":[{"href":"https:\/\/almgasthaus-glocknerblick.at\/en\/wp-json\/wp\/v2\/types\/page"}],"author":[{"embeddable":true,"href":"https:\/\/almgasthaus-glocknerblick.at\/en\/wp-json\/wp\/v2\/users\/1"}],"replies":[{"embeddable":true,"href":"https:\/\/almgasthaus-glocknerblick.at\/en\/wp-json\/wp\/v2\/comments?post=3"}],"version-history":[{"count":3,"href":"https:\/\/almgasthaus-glocknerblick.at\/en\/wp-json\/wp\/v2\/pages\/3\/revisions"}],"predecessor-version":[{"id":5957,"href":"https:\/\/almgasthaus-glocknerblick.at\/en\/wp-json\/wp\/v2\/pages\/3\/revisions\/5957"}],"wp:attachment":[{"href":"https:\/\/almgasthaus-glocknerblick.at\/en\/wp-json\/wp\/v2\/media?parent=3"}],"curies":[{"name":"wp","href":"https:\/\/api.w.org\/{rel}","templated":true}]}}