{"id":2104,"date":"2021-03-23T09:33:48","date_gmt":"2021-03-23T08:33:48","guid":{"rendered":"http:\/\/localhost\/nuss\/?page_id=167"},"modified":"2025-03-21T13:35:33","modified_gmt":"2025-03-21T12:35:33","slug":"natur-wandern","status":"publish","type":"page","link":"https:\/\/almgasthaus-glocknerblick.at\/en\/natur-wandern\/","title":{"rendered":"Nature\/Hiking\/Cycling"},"content":{"rendered":"\t\t<div data-elementor-type=\"wp-page\" data-elementor-id=\"2104\" class=\"elementor elementor-2104\">\n\t\t\t\t\t\t<section class=\"elementor-section elementor-top-section elementor-element elementor-element-8f5bb9d elementor-section-boxed elementor-section-gap-beside-yes elementor-section-height-default elementor-section-height-default elementor-section-column-vertical-align-stretch\" data-id=\"8f5bb9d\" data-element_type=\"section\" data-e-type=\"section\">\n\t\t\t\t\t\t<div class=\"elementor-container elementor-column-gap-extended\">\n\t\t\t\t\t<div class=\"elementor-column elementor-col-100 elementor-top-column elementor-element elementor-element-7ec4215\" data-id=\"7ec4215\" data-element_type=\"column\" data-e-type=\"column\">\n\t\t\t<div class=\"elementor-widget-wrap elementor-element-populated\">\n\t\t\t\t\t\t\t<\/div>\n\t\t<\/div>\n\t\t\t\t\t<\/div>\n\t\t<\/section>\n\t\t\t\t<section class=\"elementor-section elementor-top-section elementor-element elementor-element-fcc2c5b elementor-section-boxed elementor-section-gap-beside-yes elementor-section-height-default elementor-section-height-default elementor-section-column-vertical-align-stretch\" data-id=\"fcc2c5b\" data-element_type=\"section\" data-e-type=\"section\">\n\t\t\t\t\t\t<div class=\"elementor-container elementor-column-gap-extended\">\n\t\t\t\t\t<div class=\"elementor-column elementor-col-100 elementor-top-column elementor-element elementor-element-2f7d653\" data-id=\"2f7d653\" data-element_type=\"column\" data-e-type=\"column\">\n\t\t\t<div class=\"elementor-widget-wrap elementor-element-populated\">\n\t\t\t\t\t\t<section class=\"elementor-section elementor-inner-section elementor-element elementor-element-6f6d8ba elementor-section-boxed elementor-section-gap-beside-yes elementor-section-height-default elementor-section-height-default elementor-section-column-vertical-align-stretch\" data-id=\"6f6d8ba\" data-element_type=\"section\" data-e-type=\"section\">\n\t\t\t\t\t\t<div class=\"elementor-container elementor-column-gap-extended\">\n\t\t\t\t\t<div class=\"elementor-column elementor-col-50 elementor-inner-column elementor-element elementor-element-0878be6\" data-id=\"0878be6\" data-element_type=\"column\" data-e-type=\"column\">\n\t\t\t<div class=\"elementor-widget-wrap elementor-element-populated\">\n\t\t\t\t\t\t<div class=\"elementor-element elementor-element-42014f7 elementor-invisible elementor-widget elementor-widget-heading\" data-id=\"42014f7\" data-element_type=\"widget\" data-e-type=\"widget\" data-settings=\"{&quot;_animation&quot;:&quot;nussFadeInUp&quot;}\" data-widget_type=\"heading.default\">\n\t\t\t\t<div class=\"elementor-widget-container\">\n\t\t\t\t\t<h3 class=\"elementor-heading-title elementor-size-default\">Erholung und Erlebnis\n<\/h3>\t\t\t\t<\/div>\n\t\t\t\t<\/div>\n\t\t\t\t<div class=\"elementor-element elementor-element-2ba7908 elementor-invisible elementor-widget elementor-widget-text-editor\" data-id=\"2ba7908\" data-element_type=\"widget\" data-e-type=\"widget\" data-settings=\"{&quot;_animation&quot;:&quot;nussFadeInUp&quot;}\" data-widget_type=\"text-editor.default\">\n\t\t\t\t<div class=\"elementor-widget-container\">\n\t\t\t\t\t\t\t\t\t<p>Natur in ihrer Urspr\u00fcnglichkeit auf 2050 Metern Seeh\u00f6he erleben. Die Natur rund um den Glocknerblick kann besonders mit ihrer Vielfalt \u00fcberzeugen. Weite Almwiesen mit Bergkr\u00e4utern und \u2013blumen, familienfreundliche Wanderwege und Wildtierbeobachtungen locken ebenso wie das massive Gebirge und Bergseen in der Alpenregion.<\/p>\t\t\t\t\t\t\t\t<\/div>\n\t\t\t\t<\/div>\n\t\t\t\t\t<\/div>\n\t\t<\/div>\n\t\t\t\t<div class=\"elementor-column elementor-col-50 elementor-inner-column elementor-element elementor-element-6f3f021\" data-id=\"6f3f021\" data-element_type=\"column\" data-e-type=\"column\">\n\t\t\t<div class=\"elementor-widget-wrap elementor-element-populated\">\n\t\t\t\t\t\t<div class=\"elementor-element elementor-element-63d8463 elementor-invisible nuss-elementor-loading nuss-slide-in-left elementor-widget elementor-widget-image\" data-id=\"63d8463\" data-element_type=\"widget\" data-e-type=\"widget\" data-settings=\"{&quot;_animation&quot;:&quot;nussSlideInLeft&quot;}\" data-widget_type=\"image.default\">\n\t\t\t\t<div class=\"elementor-widget-container\">\n\t\t\t\t\t\t\t\t\t\t\t\t\t\t\t<img fetchpriority=\"high\" decoding=\"async\" width=\"1890\" height=\"1007\" src=\"https:\/\/almgasthaus-glocknerblick.at\/wp-content\/uploads\/2023\/01\/DrohneAlm.jpg\" class=\"attachment-full size-full wp-image-5594\" alt=\"\" srcset=\"https:\/\/almgasthaus-glocknerblick.at\/wp-content\/uploads\/2023\/01\/DrohneAlm.jpg 1890w, https:\/\/almgasthaus-glocknerblick.at\/wp-content\/uploads\/2023\/01\/DrohneAlm-300x160.jpg 300w, https:\/\/almgasthaus-glocknerblick.at\/wp-content\/uploads\/2023\/01\/DrohneAlm-1024x546.jpg 1024w, https:\/\/almgasthaus-glocknerblick.at\/wp-content\/uploads\/2023\/01\/DrohneAlm-768x409.jpg 768w, https:\/\/almgasthaus-glocknerblick.at\/wp-content\/uploads\/2023\/01\/DrohneAlm-1536x818.jpg 1536w, https:\/\/almgasthaus-glocknerblick.at\/wp-content\/uploads\/2023\/01\/DrohneAlm-600x320.jpg 600w\" sizes=\"(max-width: 1890px) 100vw, 1890px\" \/>\t\t\t\t\t\t\t\t\t\t\t\t\t\t\t<\/div>\n\t\t\t\t<\/div>\n\t\t\t\t\t<\/div>\n\t\t<\/div>\n\t\t\t\t\t<\/div>\n\t\t<\/section>\n\t\t\t\t<section class=\"elementor-section elementor-inner-section elementor-element elementor-element-0ad233f elementor-section-boxed elementor-section-gap-beside-yes elementor-section-height-default elementor-section-height-default elementor-section-column-vertical-align-stretch\" data-id=\"0ad233f\" data-element_type=\"section\" data-e-type=\"section\">\n\t\t\t\t\t\t<div class=\"elementor-container elementor-column-gap-extended\">\n\t\t\t\t\t<div class=\"elementor-column elementor-col-50 elementor-inner-column elementor-element elementor-element-2cde083\" data-id=\"2cde083\" data-element_type=\"column\" data-e-type=\"column\">\n\t\t\t<div class=\"elementor-widget-wrap elementor-element-populated\">\n\t\t\t\t\t\t<div class=\"elementor-element elementor-element-2637c21 elementor-invisible nuss-elementor-loading nuss-slide-in-left elementor-widget elementor-widget-image\" data-id=\"2637c21\" data-element_type=\"widget\" data-e-type=\"widget\" data-settings=\"{&quot;_animation&quot;:&quot;nussSlideInLeft&quot;}\" data-widget_type=\"image.default\">\n\t\t\t\t<div class=\"elementor-widget-container\">\n\t\t\t\t\t\t\t\t\t\t\t\t\t\t\t<img decoding=\"async\" src=\"https:\/\/almgasthaus-glocknerblick.at\/wp-content\/uploads\/elementor\/thumbs\/KuueheKapelle-r3m04vyrp6p5ya6ztf2frxpbkmsldgx2esucjaoa9s.jpg\" title=\"KuueheKapelle\" alt=\"KuueheKapelle\" loading=\"lazy\" \/>\t\t\t\t\t\t\t\t\t\t\t\t\t\t\t<\/div>\n\t\t\t\t<\/div>\n\t\t\t\t\t<\/div>\n\t\t<\/div>\n\t\t\t\t<div class=\"elementor-column elementor-col-50 elementor-inner-column elementor-element elementor-element-ccbc7cc\" data-id=\"ccbc7cc\" data-element_type=\"column\" data-e-type=\"column\">\n\t\t\t<div class=\"elementor-widget-wrap elementor-element-populated\">\n\t\t\t\t\t\t<div class=\"elementor-element elementor-element-377ec23 elementor-invisible elementor-widget elementor-widget-heading\" data-id=\"377ec23\" data-element_type=\"widget\" data-e-type=\"widget\" data-settings=\"{&quot;_animation&quot;:&quot;nussFadeInUp&quot;}\" data-widget_type=\"heading.default\">\n\t\t\t\t<div class=\"elementor-widget-container\">\n\t\t\t\t\t<h3 class=\"elementor-heading-title elementor-size-default\">Aktivit\u00e4ten rund um den Glocknerblick <\/h3>\t\t\t\t<\/div>\n\t\t\t\t<\/div>\n\t\t\t\t<div class=\"elementor-element elementor-element-9956e21 elementor-invisible elementor-widget elementor-widget-text-editor\" data-id=\"9956e21\" data-element_type=\"widget\" data-e-type=\"widget\" data-settings=\"{&quot;_animation&quot;:&quot;nussFadeInUp&quot;}\" data-widget_type=\"text-editor.default\">\n\t\t\t\t<div class=\"elementor-widget-container\">\n\t\t\t\t\t\t\t\t\t<div class=\"elementor-element elementor-element-8089cb6 elementor-widget elementor-widget-text-editor animated fadeInLeft\" data-id=\"8089cb6\" data-element_type=\"widget\" data-settings=\"{&quot;_animation&quot;:&quot;fadeInLeft&quot;,&quot;_animation_delay&quot;:400,&quot;hoteller_ext_is_scrollme&quot;:&quot;false&quot;,&quot;hoteller_ext_is_smoove&quot;:&quot;false&quot;,&quot;hoteller_ext_is_parallax_mouse&quot;:&quot;false&quot;,&quot;hoteller_ext_is_infinite&quot;:&quot;false&quot;,&quot;hoteller_ext_is_fadeout_animation&quot;:&quot;false&quot;}\" data-widget_type=\"text-editor.default\"><div class=\"elementor-widget-container\"><div class=\"elementor-text-editor elementor-clearfix\"><p>Rund um den Glocknerblick gilt es f\u00fcr erfahrene Bergsteiger aber auch f\u00fcr Freizeitwanderer aller Geschicklichkeitsstufen unvergessliche Bergerlebnisse zu sammeln. <\/p><p>Murmeltiere, Steinb\u00f6cke, Adler und Bartgeier warten im gr\u00f6\u00dften Naturschutzgebiet der Alpen darauf, entdeckt zu werden. Die Sportm\u00f6glichkeiten sind unendlich. Walken, Trekking, Bergsteigen, Biken \u2013 im Freizeit Park Gro\u00dfkirchheim gibt es ein Natur Bad, Kletterturm, Tennisplatz und Reit Arena. \u2013 die Natur erlebt jeder auf seine ganz spezielle Weise. Der weite Almboden bietet sich auch f\u00fcr Spazierg\u00e4nge wie beispielsweise zu unserer Antoniuskapelle an.<\/p><\/div><\/div><\/div>\t\t\t\t\t\t\t\t<\/div>\n\t\t\t\t<\/div>\n\t\t\t\t\t<\/div>\n\t\t<\/div>\n\t\t\t\t\t<\/div>\n\t\t<\/section>\n\t\t\t\t<section class=\"elementor-section elementor-inner-section elementor-element elementor-element-c127b44 elementor-section-boxed elementor-section-gap-beside-yes elementor-section-height-default elementor-section-height-default elementor-section-column-vertical-align-stretch\" data-id=\"c127b44\" data-element_type=\"section\" data-e-type=\"section\">\n\t\t\t\t\t\t<div class=\"elementor-container elementor-column-gap-extended\">\n\t\t\t\t\t<div class=\"elementor-column elementor-col-50 elementor-inner-column elementor-element elementor-element-e050279\" data-id=\"e050279\" data-element_type=\"column\" data-e-type=\"column\">\n\t\t\t<div class=\"elementor-widget-wrap elementor-element-populated\">\n\t\t\t\t\t\t<div class=\"elementor-element elementor-element-75973ee elementor-invisible elementor-widget elementor-widget-heading\" data-id=\"75973ee\" data-element_type=\"widget\" data-e-type=\"widget\" data-settings=\"{&quot;_animation&quot;:&quot;nussFadeInUp&quot;}\" data-widget_type=\"heading.default\">\n\t\t\t\t<div class=\"elementor-widget-container\">\n\t\t\t\t\t<h3 class=\"elementor-heading-title elementor-size-default\">Bike und E-Bike Strecke\n<\/h3>\t\t\t\t<\/div>\n\t\t\t\t<\/div>\n\t\t\t\t<div class=\"elementor-element elementor-element-818ffa2 elementor-invisible elementor-widget elementor-widget-text-editor\" data-id=\"818ffa2\" data-element_type=\"widget\" data-e-type=\"widget\" data-settings=\"{&quot;_animation&quot;:&quot;nussFadeInUp&quot;}\" data-widget_type=\"text-editor.default\">\n\t\t\t\t<div class=\"elementor-widget-container\">\n\t\t\t\t\t\t\t\t\t<p>Strom ist auf der H\u00fctte vorhanden, jedoch kein Ladekabel (bitte selber mitnehmen)<\/p><p>\u00a0<\/p>\t\t\t\t\t\t\t\t<\/div>\n\t\t\t\t<\/div>\n\t\t\t\t\t<\/div>\n\t\t<\/div>\n\t\t\t\t<div class=\"elementor-column elementor-col-50 elementor-inner-column elementor-element elementor-element-6cab6d3\" data-id=\"6cab6d3\" data-element_type=\"column\" data-e-type=\"column\">\n\t\t\t<div class=\"elementor-widget-wrap elementor-element-populated\">\n\t\t\t\t\t\t<div class=\"elementor-element elementor-element-dfe4128 bullets-v-align-bottom elementor-invisible nuss-elementor-loading nuss-slide-in-left elementor-widget elementor-widget-nuss-image-carousel\" data-id=\"dfe4128\" data-element_type=\"widget\" data-e-type=\"widget\" data-settings=\"{&quot;_animation&quot;:&quot;nussSlideInLeft&quot;}\" data-widget_type=\"nuss-image-carousel.default\">\n\t\t\t\t<div class=\"elementor-widget-container\">\n\t\t\t\t\t\r\n\t\t<div  class=\"nuss-swiper nuss-slider-widget pagination-style-01 bullets-horizontal bullets-h-align-center bullets-v-align-bottom\" data-lg-items=\"1\" data-lg-gutter=\"30\" data-pagination-aligned-by=\"slider\" data-pagination=\"1\" data-loop=\"1\" data-simulate-touch=\"1\" data-speed=\"1000\" data-effect=\"slide\">\r\n\t\t\t<div class=\"swiper-inner\">\r\n\r\n\t\t\t\t\r\n\t\t\t\t<div class=\"swiper-container swiper\">\r\n\t\t\t\t\t<div class=\"swiper-wrapper\">\r\n\t\t\t\t\t\t\t\t\t<div class=\"swiper-slide\">\r\n\t\t\t\t<div class=\"image\">\r\n\t\t\t\t\t<img decoding=\"async\"  src=\"https:\/\/almgasthaus-glocknerblick.at\/wp-content\/uploads\/2023\/02\/DA7B7D3B-1A58-4043-B02C-7E9FB06E65D28992-scaled.jpeg\" alt=\"DA7B7D3B-1A58-4043-B02C-7E9FB06E65D2[8992]\" \/>\t\t\t\t<\/div>\r\n\t\t\t<\/div>\r\n\t\t\t\t\t\t<div class=\"swiper-slide\">\r\n\t\t\t\t<div class=\"image\">\r\n\t\t\t\t\t<img decoding=\"async\"  src=\"https:\/\/almgasthaus-glocknerblick.at\/wp-content\/uploads\/2023\/01\/DJI_0075-scaled.jpg\" alt=\"default\" \/>\t\t\t\t<\/div>\r\n\t\t\t<\/div>\r\n\t\t\t\t\t\t<div class=\"swiper-slide\">\r\n\t\t\t\t<div class=\"image\">\r\n\t\t\t\t\t<img decoding=\"async\"  src=\"https:\/\/almgasthaus-glocknerblick.at\/wp-content\/uploads\/2023\/01\/DSC5882-HDR-scaled.jpg\" alt=\"_DSC5882-HDR\" \/>\t\t\t\t<\/div>\r\n\t\t\t<\/div>\r\n\t\t\t\t\t\t<div class=\"swiper-slide\">\r\n\t\t\t\t<div class=\"image\">\r\n\t\t\t\t\t<img decoding=\"async\"  src=\"https:\/\/almgasthaus-glocknerblick.at\/wp-content\/uploads\/2023\/01\/DSC6095-Bearbeitet-2-Bearbeitet-scaled.jpg\" alt=\"_DSC6095-Bearbeitet-2-Bearbeitet\" \/>\t\t\t\t<\/div>\r\n\t\t\t<\/div>\r\n\t\t\t\t\t\t\t\t<\/div>\r\n\t\t\t\t<\/div>\r\n\r\n\t\t\t\t\r\n\t\t\t<\/div>\r\n\t\t<\/div>\r\n\t\t\t\t\t\t<\/div>\n\t\t\t\t<\/div>\n\t\t\t\t\t<\/div>\n\t\t<\/div>\n\t\t\t\t\t<\/div>\n\t\t<\/section>\n\t\t\t\t\t<\/div>\n\t\t<\/div>\n\t\t\t\t\t<\/div>\n\t\t<\/section>\n\t\t\t\t<\/div>\n\t\t","protected":false},"excerpt":{"rendered":"<p>Erholung und Erlebnis Natur in ihrer Urspr\u00fcnglichkeit auf 2050 Metern Seeh\u00f6he erleben. Die Natur rund um den Glocknerblick kann besonders mit ihrer Vielfalt \u00fcberzeugen. Weite Almwiesen mit Bergkr\u00e4utern und \u2013blumen, familienfreundliche Wanderwege und Wildtierbeobachtungen locken ebenso wie das massive Gebirge und Bergseen in der Alpenregion. Aktivit\u00e4ten rund um den Glocknerblick Rund um den Glocknerblick gilt [&hellip;]<\/p>\n","protected":false},"author":1,"featured_media":0,"parent":0,"menu_order":0,"comment_status":"closed","ping_status":"closed","template":"elementor_header_footer","meta":{"footnotes":""},"class_list":["post-2104","page","type-page","status-publish","hentry","post-no-thumbnail"],"yoast_head":"<!-- This site is optimized with the Yoast SEO plugin v27.3 - https:\/\/yoast.com\/product\/yoast-seo-wordpress\/ -->\n<title>Natur\/Wandern\/Rad - Almgasthaus Glocknerblick<\/title>\n<meta name=\"robots\" content=\"index, follow, max-snippet:-1, max-image-preview:large, max-video-preview:-1\" \/>\n<link rel=\"canonical\" href=\"https:\/\/almgasthaus-glocknerblick.at\/en\/natur-wandern\/\" \/>\n<meta property=\"og:locale\" content=\"en_US\" \/>\n<meta property=\"og:type\" content=\"article\" \/>\n<meta property=\"og:title\" content=\"Natur\/Wandern\/Rad - Almgasthaus Glocknerblick\" \/>\n<meta property=\"og:description\" content=\"Erholung und Erlebnis Natur in ihrer Urspr\u00fcnglichkeit auf 2050 Metern Seeh\u00f6he erleben. Die Natur rund um den Glocknerblick kann besonders mit ihrer Vielfalt \u00fcberzeugen. Weite Almwiesen mit Bergkr\u00e4utern und \u2013blumen, familienfreundliche Wanderwege und Wildtierbeobachtungen locken ebenso wie das massive Gebirge und Bergseen in der Alpenregion. Aktivit\u00e4ten rund um den Glocknerblick Rund um den Glocknerblick gilt [&hellip;]\" \/>\n<meta property=\"og:url\" content=\"https:\/\/almgasthaus-glocknerblick.at\/en\/natur-wandern\/\" \/>\n<meta property=\"og:site_name\" content=\"Almgasthaus Glocknerblick\" \/>\n<meta property=\"article:modified_time\" content=\"2025-03-21T12:35:33+00:00\" \/>\n<meta property=\"og:image\" content=\"https:\/\/almgasthaus-glocknerblick.at\/wp-content\/uploads\/2023\/01\/DrohneAlm.jpg\" \/>\n\t<meta property=\"og:image:width\" content=\"1890\" \/>\n\t<meta property=\"og:image:height\" content=\"1007\" \/>\n\t<meta property=\"og:image:type\" content=\"image\/jpeg\" \/>\n<meta name=\"twitter:card\" content=\"summary_large_image\" \/>\n<meta name=\"twitter:label1\" content=\"Est. reading time\" \/>\n\t<meta name=\"twitter:data1\" content=\"3 minutes\" \/>\n<script type=\"application\/ld+json\" class=\"yoast-schema-graph\">{\"@context\":\"https:\\\/\\\/schema.org\",\"@graph\":[{\"@type\":\"WebPage\",\"@id\":\"https:\\\/\\\/almgasthaus-glocknerblick.at\\\/natur-wandern\\\/\",\"url\":\"https:\\\/\\\/almgasthaus-glocknerblick.at\\\/natur-wandern\\\/\",\"name\":\"Natur\\\/Wandern\\\/Rad - Almgasthaus Glocknerblick\",\"isPartOf\":{\"@id\":\"https:\\\/\\\/almgasthaus-glocknerblick.at\\\/#website\"},\"primaryImageOfPage\":{\"@id\":\"https:\\\/\\\/almgasthaus-glocknerblick.at\\\/natur-wandern\\\/#primaryimage\"},\"image\":{\"@id\":\"https:\\\/\\\/almgasthaus-glocknerblick.at\\\/natur-wandern\\\/#primaryimage\"},\"thumbnailUrl\":\"https:\\\/\\\/almgasthaus-glocknerblick.at\\\/wp-content\\\/uploads\\\/2023\\\/01\\\/DrohneAlm.jpg\",\"datePublished\":\"2021-03-23T08:33:48+00:00\",\"dateModified\":\"2025-03-21T12:35:33+00:00\",\"breadcrumb\":{\"@id\":\"https:\\\/\\\/almgasthaus-glocknerblick.at\\\/natur-wandern\\\/#breadcrumb\"},\"inLanguage\":\"en-US\",\"potentialAction\":[{\"@type\":\"ReadAction\",\"target\":[\"https:\\\/\\\/almgasthaus-glocknerblick.at\\\/natur-wandern\\\/\"]}]},{\"@type\":\"ImageObject\",\"inLanguage\":\"en-US\",\"@id\":\"https:\\\/\\\/almgasthaus-glocknerblick.at\\\/natur-wandern\\\/#primaryimage\",\"url\":\"https:\\\/\\\/almgasthaus-glocknerblick.at\\\/wp-content\\\/uploads\\\/2023\\\/01\\\/DrohneAlm.jpg\",\"contentUrl\":\"https:\\\/\\\/almgasthaus-glocknerblick.at\\\/wp-content\\\/uploads\\\/2023\\\/01\\\/DrohneAlm.jpg\"},{\"@type\":\"BreadcrumbList\",\"@id\":\"https:\\\/\\\/almgasthaus-glocknerblick.at\\\/natur-wandern\\\/#breadcrumb\",\"itemListElement\":[{\"@type\":\"ListItem\",\"position\":1,\"name\":\"Startseite\",\"item\":\"https:\\\/\\\/almgasthaus-glocknerblick.at\\\/\"},{\"@type\":\"ListItem\",\"position\":2,\"name\":\"Natur\\\/Wandern\\\/Rad\"}]},{\"@type\":\"WebSite\",\"@id\":\"https:\\\/\\\/almgasthaus-glocknerblick.at\\\/#website\",\"url\":\"https:\\\/\\\/almgasthaus-glocknerblick.at\\\/\",\"name\":\"Almgasthaus Glocknerblick\",\"description\":\"Elisabeth Granig\",\"potentialAction\":[{\"@type\":\"SearchAction\",\"target\":{\"@type\":\"EntryPoint\",\"urlTemplate\":\"https:\\\/\\\/almgasthaus-glocknerblick.at\\\/?s={search_term_string}\"},\"query-input\":{\"@type\":\"PropertyValueSpecification\",\"valueRequired\":true,\"valueName\":\"search_term_string\"}}],\"inLanguage\":\"en-US\"}]}<\/script>\n<!-- \/ Yoast SEO plugin. -->","yoast_head_json":{"title":"Natur\/Wandern\/Rad - Almgasthaus Glocknerblick","robots":{"index":"index","follow":"follow","max-snippet":"max-snippet:-1","max-image-preview":"max-image-preview:large","max-video-preview":"max-video-preview:-1"},"canonical":"https:\/\/almgasthaus-glocknerblick.at\/en\/natur-wandern\/","og_locale":"en_US","og_type":"article","og_title":"Natur\/Wandern\/Rad - Almgasthaus Glocknerblick","og_description":"Erholung und Erlebnis Natur in ihrer Urspr\u00fcnglichkeit auf 2050 Metern Seeh\u00f6he erleben. Die Natur rund um den Glocknerblick kann besonders mit ihrer Vielfalt \u00fcberzeugen. Weite Almwiesen mit Bergkr\u00e4utern und \u2013blumen, familienfreundliche Wanderwege und Wildtierbeobachtungen locken ebenso wie das massive Gebirge und Bergseen in der Alpenregion. Aktivit\u00e4ten rund um den Glocknerblick Rund um den Glocknerblick gilt [&hellip;]","og_url":"https:\/\/almgasthaus-glocknerblick.at\/en\/natur-wandern\/","og_site_name":"Almgasthaus Glocknerblick","article_modified_time":"2025-03-21T12:35:33+00:00","og_image":[{"width":1890,"height":1007,"url":"https:\/\/almgasthaus-glocknerblick.at\/wp-content\/uploads\/2023\/01\/DrohneAlm.jpg","type":"image\/jpeg"}],"twitter_card":"summary_large_image","twitter_misc":{"Est. reading time":"3 minutes"},"schema":{"@context":"https:\/\/schema.org","@graph":[{"@type":"WebPage","@id":"https:\/\/almgasthaus-glocknerblick.at\/natur-wandern\/","url":"https:\/\/almgasthaus-glocknerblick.at\/natur-wandern\/","name":"Natur\/Wandern\/Rad - Almgasthaus Glocknerblick","isPartOf":{"@id":"https:\/\/almgasthaus-glocknerblick.at\/#website"},"primaryImageOfPage":{"@id":"https:\/\/almgasthaus-glocknerblick.at\/natur-wandern\/#primaryimage"},"image":{"@id":"https:\/\/almgasthaus-glocknerblick.at\/natur-wandern\/#primaryimage"},"thumbnailUrl":"https:\/\/almgasthaus-glocknerblick.at\/wp-content\/uploads\/2023\/01\/DrohneAlm.jpg","datePublished":"2021-03-23T08:33:48+00:00","dateModified":"2025-03-21T12:35:33+00:00","breadcrumb":{"@id":"https:\/\/almgasthaus-glocknerblick.at\/natur-wandern\/#breadcrumb"},"inLanguage":"en-US","potentialAction":[{"@type":"ReadAction","target":["https:\/\/almgasthaus-glocknerblick.at\/natur-wandern\/"]}]},{"@type":"ImageObject","inLanguage":"en-US","@id":"https:\/\/almgasthaus-glocknerblick.at\/natur-wandern\/#primaryimage","url":"https:\/\/almgasthaus-glocknerblick.at\/wp-content\/uploads\/2023\/01\/DrohneAlm.jpg","contentUrl":"https:\/\/almgasthaus-glocknerblick.at\/wp-content\/uploads\/2023\/01\/DrohneAlm.jpg"},{"@type":"BreadcrumbList","@id":"https:\/\/almgasthaus-glocknerblick.at\/natur-wandern\/#breadcrumb","itemListElement":[{"@type":"ListItem","position":1,"name":"Startseite","item":"https:\/\/almgasthaus-glocknerblick.at\/"},{"@type":"ListItem","position":2,"name":"Natur\/Wandern\/Rad"}]},{"@type":"WebSite","@id":"https:\/\/almgasthaus-glocknerblick.at\/#website","url":"https:\/\/almgasthaus-glocknerblick.at\/","name":"Almgasthaus Glocknerblick","description":"Elisabeth Granig","potentialAction":[{"@type":"SearchAction","target":{"@type":"EntryPoint","urlTemplate":"https:\/\/almgasthaus-glocknerblick.at\/?s={search_term_string}"},"query-input":{"@type":"PropertyValueSpecification","valueRequired":true,"valueName":"search_term_string"}}],"inLanguage":"en-US"}]}},"_links":{"self":[{"href":"https:\/\/almgasthaus-glocknerblick.at\/en\/wp-json\/wp\/v2\/pages\/2104","targetHints":{"allow":["GET"]}}],"collection":[{"href":"https:\/\/almgasthaus-glocknerblick.at\/en\/wp-json\/wp\/v2\/pages"}],"about":[{"href":"https:\/\/almgasthaus-glocknerblick.at\/en\/wp-json\/wp\/v2\/types\/page"}],"author":[{"embeddable":true,"href":"https:\/\/almgasthaus-glocknerblick.at\/en\/wp-json\/wp\/v2\/users\/1"}],"replies":[{"embeddable":true,"href":"https:\/\/almgasthaus-glocknerblick.at\/en\/wp-json\/wp\/v2\/comments?post=2104"}],"version-history":[{"count":27,"href":"https:\/\/almgasthaus-glocknerblick.at\/en\/wp-json\/wp\/v2\/pages\/2104\/revisions"}],"predecessor-version":[{"id":6706,"href":"https:\/\/almgasthaus-glocknerblick.at\/en\/wp-json\/wp\/v2\/pages\/2104\/revisions\/6706"}],"wp:attachment":[{"href":"https:\/\/almgasthaus-glocknerblick.at\/en\/wp-json\/wp\/v2\/media?parent=2104"}],"curies":[{"name":"wp","href":"https:\/\/api.w.org\/{rel}","templated":true}]}}