{"id":2103,"date":"2021-03-23T04:33:54","date_gmt":"2021-03-23T03:33:54","guid":{"rendered":"http:\/\/localhost\/nuss\/?page_id=103"},"modified":"2025-03-21T08:47:36","modified_gmt":"2025-03-21T07:47:36","slug":"ueber-uns","status":"publish","type":"page","link":"https:\/\/almgasthaus-glocknerblick.at\/en\/ueber-uns\/","title":{"rendered":"About Us"},"content":{"rendered":"<div data-elementor-type=\"wp-page\" data-elementor-id=\"2103\" class=\"elementor elementor-2103\">\n\t\t\t\t\t\t<section class=\"elementor-section elementor-top-section elementor-element elementor-element-8f5bb9d elementor-section-boxed elementor-section-gap-beside-yes elementor-section-height-default elementor-section-height-default elementor-section-column-vertical-align-stretch\" data-id=\"8f5bb9d\" data-element_type=\"section\" data-e-type=\"section\">\n\t\t\t\t\t\t<div class=\"elementor-container elementor-column-gap-extended\">\n\t\t\t\t\t<div class=\"elementor-column elementor-col-100 elementor-top-column elementor-element elementor-element-7ec4215\" data-id=\"7ec4215\" data-element_type=\"column\" data-e-type=\"column\">\n\t\t\t<div class=\"elementor-widget-wrap elementor-element-populated\">\n\t\t\t\t\t\t<div class=\"elementor-element elementor-element-edd9d03 elementor-widget__width-initial elementor-invisible elementor-widget elementor-widget-text-editor\" data-id=\"edd9d03\" data-element_type=\"widget\" data-e-type=\"widget\" data-settings=\"{&quot;_animation&quot;:&quot;nussFadeInUp&quot;}\" data-widget_type=\"text-editor.default\">\n\t\t\t\t<div class=\"elementor-widget-container\">\n\t\t\t\t\t\t\t\t\t<h4><strong>The Almgasthaus Glocknerblick<\/strong><strong>\u00a0is open for you from the beginning of June to mid-October.<br \/>Hot meals served daily from 12:00 \u2013 17:00.<\/strong><\/h4><p><strong>We ask for your understanding that ONLY CASH PAYMENT is possible.<\/strong><\/p>\t\t\t\t\t\t\t\t<\/div>\n\t\t\t\t<\/div>\n\t\t\t\t\t<\/div>\n\t\t<\/div>\n\t\t\t\t\t<\/div>\n\t\t<\/section>\n\t\t\t\t<section class=\"elementor-section elementor-top-section elementor-element elementor-element-2393bc4 elementor-section-height-min-height elementor-section-stretched elementor-section-full_width elementor-section-items-stretch elementor-section-height-default elementor-section-column-vertical-align-stretch\" data-id=\"2393bc4\" data-element_type=\"section\" data-e-type=\"section\" data-settings=\"{&quot;stretch_section&quot;:&quot;section-stretched&quot;}\">\n\t\t\t\t\t\t<div class=\"elementor-container elementor-column-gap-no\">\n\t\t\t\t\t<div class=\"elementor-column elementor-col-50 elementor-top-column elementor-element elementor-element-281747b\" data-id=\"281747b\" data-element_type=\"column\" data-e-type=\"column\">\n\t\t\t<div class=\"elementor-widget-wrap elementor-element-populated\">\n\t\t\t\t\t\t<div class=\"elementor-element elementor-element-202c961 bullets-v-align-below elementor-widget elementor-widget-nuss-image-carousel\" data-id=\"202c961\" data-element_type=\"widget\" data-e-type=\"widget\" data-widget_type=\"nuss-image-carousel.default\">\n\t\t\t\t<div class=\"elementor-widget-container\">\n\t\t\t\t\t\r\n\t\t<div  class=\"nuss-swiper nuss-slider-widget\" data-lg-items=\"1\" data-lg-gutter=\"30\" data-loop=\"1\" data-free-mode=\"1\" data-simulate-touch=\"1\" data-speed=\"2000\" data-autoplay=\"3000\" data-effect=\"slide\">\r\n\t\t\t<div class=\"swiper-inner\">\r\n\r\n\t\t\t\t\r\n\t\t\t\t<div class=\"swiper-container swiper\">\r\n\t\t\t\t\t<div class=\"swiper-wrapper\">\r\n\t\t\t\t\t\t\t\t\t<div class=\"swiper-slide\">\r\n\t\t\t\t<div class=\"image\">\r\n\t\t\t\t\t<img decoding=\"async\"  src=\"https:\/\/almgasthaus-glocknerblick.at\/wp-content\/uploads\/2025\/03\/DJI_0728-1024x757.jpg\" alt=\"DJI_0728\" \/>\t\t\t\t<\/div>\r\n\t\t\t<\/div>\r\n\t\t\t\t\t\t<div class=\"swiper-slide\">\r\n\t\t\t\t<div class=\"image\">\r\n\t\t\t\t\t<img decoding=\"async\"  src=\"https:\/\/almgasthaus-glocknerblick.at\/wp-content\/uploads\/2023\/07\/IMG_20230702_084835-1024x768.jpg\" alt=\"IMG_20230702_084835\" \/>\t\t\t\t<\/div>\r\n\t\t\t<\/div>\r\n\t\t\t\t\t\t<div class=\"swiper-slide\">\r\n\t\t\t\t<div class=\"image\">\r\n\t\t\t\t\t<img decoding=\"async\"  src=\"https:\/\/almgasthaus-glocknerblick.at\/wp-content\/uploads\/2023\/07\/IMG_20230621_152812-1024x768.jpg\" alt=\"IMG_20230621_152812\" \/>\t\t\t\t<\/div>\r\n\t\t\t<\/div>\r\n\t\t\t\t\t\t<div class=\"swiper-slide\">\r\n\t\t\t\t<div class=\"image\">\r\n\t\t\t\t\t<img decoding=\"async\"  src=\"https:\/\/almgasthaus-glocknerblick.at\/wp-content\/uploads\/2023\/07\/20230624_125347-1024x577.jpg\" alt=\"20230624_125347\" \/>\t\t\t\t<\/div>\r\n\t\t\t<\/div>\r\n\t\t\t\t\t\t<div class=\"swiper-slide\">\r\n\t\t\t\t<div class=\"image\">\r\n\t\t\t\t\t<img decoding=\"async\"  src=\"https:\/\/almgasthaus-glocknerblick.at\/wp-content\/uploads\/2023\/01\/DJI_0323-1024x768.jpg\" alt=\"default\" \/>\t\t\t\t<\/div>\r\n\t\t\t<\/div>\r\n\t\t\t\t\t\t<div class=\"swiper-slide\">\r\n\t\t\t\t<div class=\"image\">\r\n\t\t\t\t\t<img decoding=\"async\"  src=\"https:\/\/almgasthaus-glocknerblick.at\/wp-content\/uploads\/2023\/07\/20230610_115655-577x1024.jpg\" alt=\"20230610_115655\" \/>\t\t\t\t<\/div>\r\n\t\t\t<\/div>\r\n\t\t\t\t\t\t<div class=\"swiper-slide\">\r\n\t\t\t\t<div class=\"image\">\r\n\t\t\t\t\t<img decoding=\"async\"  src=\"https:\/\/almgasthaus-glocknerblick.at\/wp-content\/uploads\/2023\/01\/IMG_0329-1024x943.jpg\" alt=\"IMG_0329\" \/>\t\t\t\t<\/div>\r\n\t\t\t<\/div>\r\n\t\t\t\t\t\t<div class=\"swiper-slide\">\r\n\t\t\t\t<div class=\"image\">\r\n\t\t\t\t\t<img decoding=\"async\"  src=\"https:\/\/almgasthaus-glocknerblick.at\/wp-content\/uploads\/2023\/01\/Zirbenduft3-1024x682.jpg\" alt=\"Zirbenduft3\" \/>\t\t\t\t<\/div>\r\n\t\t\t<\/div>\r\n\t\t\t\t\t\t<div class=\"swiper-slide\">\r\n\t\t\t\t<div class=\"image\">\r\n\t\t\t\t\t<img decoding=\"async\"  src=\"https:\/\/almgasthaus-glocknerblick.at\/wp-content\/uploads\/2023\/01\/Mohar3-1024x680.jpg\" alt=\"Mohar3\" \/>\t\t\t\t<\/div>\r\n\t\t\t<\/div>\r\n\t\t\t\t\t\t<div class=\"swiper-slide\">\r\n\t\t\t\t<div class=\"image\">\r\n\t\t\t\t\t<img decoding=\"async\"  src=\"https:\/\/almgasthaus-glocknerblick.at\/wp-content\/uploads\/2023\/07\/dji_fly_20230704_070158_527_1688449856993_pano_optimized-1024x799.jpg\" alt=\"dji_fly_20230704_070158_527_1688449856993_pano_optimized\" \/>\t\t\t\t<\/div>\r\n\t\t\t<\/div>\r\n\t\t\t\t\t\t<div class=\"swiper-slide\">\r\n\t\t\t\t<div class=\"image\">\r\n\t\t\t\t\t<img decoding=\"async\"  src=\"https:\/\/almgasthaus-glocknerblick.at\/wp-content\/uploads\/2023\/01\/Moharzimmer2-1024x683.jpg\" alt=\"Moharzimmer2\" \/>\t\t\t\t<\/div>\r\n\t\t\t<\/div>\r\n\t\t\t\t\t\t<div class=\"swiper-slide\">\r\n\t\t\t\t<div class=\"image\">\r\n\t\t\t\t\t<img decoding=\"async\"  src=\"https:\/\/almgasthaus-glocknerblick.at\/wp-content\/uploads\/2025\/03\/DJI_0796-1024x687.jpg\" alt=\"DJI_0796\" \/>\t\t\t\t<\/div>\r\n\t\t\t<\/div>\r\n\t\t\t\t\t\t\t\t<\/div>\r\n\t\t\t\t<\/div>\r\n\r\n\t\t\t\t\r\n\t\t\t<\/div>\r\n\t\t<\/div>\r\n\t\t\t\t\t\t<\/div>\n\t\t\t\t<\/div>\n\t\t\t\t\t<\/div>\n\t\t<\/div>\n\t\t\t\t<div class=\"elementor-column elementor-col-50 elementor-top-column elementor-element elementor-element-41b487e\" data-id=\"41b487e\" data-element_type=\"column\" data-e-type=\"column\">\n\t\t\t<div class=\"elementor-widget-wrap\">\n\t\t\t\t\t\t\t<\/div>\n\t\t<\/div>\n\t\t\t\t\t<\/div>\n\t\t<\/section>\n\t\t\t\t<section class=\"elementor-section elementor-top-section elementor-element elementor-element-4c8100f elementor-section-stretched elementor-section-boxed elementor-section-height-default elementor-section-height-default elementor-section-column-vertical-align-stretch\" data-id=\"4c8100f\" data-element_type=\"section\" data-e-type=\"section\" data-settings=\"{&quot;stretch_section&quot;:&quot;section-stretched&quot;}\">\n\t\t\t\t\t\t<div class=\"elementor-container elementor-column-gap-no\">\n\t\t\t\t\t<div class=\"elementor-column elementor-col-100 elementor-top-column elementor-element elementor-element-c394328\" data-id=\"c394328\" data-element_type=\"column\" data-e-type=\"column\">\n\t\t\t<div class=\"elementor-widget-wrap elementor-element-populated\">\n\t\t\t\t\t\t<div class=\"elementor-element elementor-element-805269c elementor-invisible elementor-widget elementor-widget-nuss-heading\" data-id=\"805269c\" data-element_type=\"widget\" data-e-type=\"widget\" data-settings=\"{&quot;_animation&quot;:&quot;nussFadeInUp&quot;}\" data-widget_type=\"nuss-heading.default\">\n\t\t\t\t<div class=\"elementor-widget-container\">\n\t\t\t\t\t\t\t<div class=\"nuss-modern-heading\">\r\n\t\t\t\r\n\t\t\t\t\t\t<div class=\"heading-primary-wrap\">\r\n\t\t\t\t<h4 class=\"heading-primary elementor-heading-title\">Since 1995<\/h4>\t\t\t<\/div>\r\n\t\t\r\n\t\t\t\t\t\t<div class=\"heading-divider-wrap\">\r\n\t\t\t\t<div class=\"heading-divider\" style=\"left: 0px;top: 6px\"><\/div>\r\n\t\t\t<\/div>\r\n\t\r\n\t\t\t\t\t<\/div>\r\n\t\t\t\t\t<\/div>\n\t\t\t\t<\/div>\n\t\t\t\t<div class=\"elementor-element elementor-element-789e301 elementor-invisible elementor-widget elementor-widget-heading\" data-id=\"789e301\" data-element_type=\"widget\" data-e-type=\"widget\" data-settings=\"{&quot;_animation&quot;:&quot;nussFadeInUp&quot;}\" data-widget_type=\"heading.default\">\n\t\t\t\t<div class=\"elementor-widget-container\">\n\t\t\t\t\t<h3 class=\"elementor-heading-title elementor-size-default\">Almgasthaus Glocknerblick\n<\/h3>\t\t\t\t<\/div>\n\t\t\t\t<\/div>\n\t\t\t\t<div class=\"elementor-element elementor-element-246968a elementor-invisible elementor-widget elementor-widget-text-editor\" data-id=\"246968a\" data-element_type=\"widget\" data-e-type=\"widget\" data-settings=\"{&quot;_animation&quot;:&quot;nussFadeInUp&quot;}\" data-widget_type=\"text-editor.default\">\n\t\t\t\t<div class=\"elementor-widget-container\">\n\t\t\t\t\t\t\t\t\t<p>Our alpine guesthouse is located at 2050 meters above sea level, amidst the Carinthian mountains of the Hohe Tauern National Park. Relaxation and adventure come together here thanks to the tranquil setting, untouched nature, unique panoramic views, numerous hiking and mountaineering opportunities, and, of course, the in-house culinary delights.<\/p><p><strong>Position<\/strong><strong><br \/><\/strong>The unique location offers stunning views of the Schober Group mountain range with its 56 3,000-meter peaks, the Italian and East Tyrolean Dolomites, and the Gro\u00dfglockner at its most beautiful. The Glocknerblick is an ideal starting point for mountaineering tours as well as leisurely family-friendly hikes. Cable cars, waterfalls, animal parks, circular trails, (guided) hiking tours, and the Gro\u00dfglockner High Alpine Road are all within easy reach.<\/p><p><strong>Facilities and catering<\/strong><br \/>Our guest rooms include double and multi-bed rooms with wonderful views, and a sun terrace with an adjoining children&#039;s playground provides a pleasant ambiance. Our traditional Carinthian cuisine features homemade farm produce such as Carinthian cheese dumplings, cold cuts, roast venison, and Kaiserschmarren (sweet pancakes).<\/p><h3>We look forward to seeing you!<\/h3>\t\t\t\t\t\t\t\t<\/div>\n\t\t\t\t<\/div>\n\t\t\t\t\t<\/div>\n\t\t<\/div>\n\t\t\t\t\t<\/div>\n\t\t<\/section>\n\t\t\t\t<\/div>","protected":false},"excerpt":{"rendered":"<p>Das Almgasthaus Glocknerblick\u00a0hat f\u00fcr Sie von Anfang Juni bis Mitte Oktober durchgehend ge\u00f6ffnet.Warme K\u00fcche t\u00e4glich von 12:00 \u2013 17:00. Wir bitten um Verst\u00e4ndnis, dass AUSSCHLIE\u00dfLICH BARZAHLUNG m\u00f6glich ist. Since 1995 Almgasthaus Glocknerblick Unser Almgasthaus befindet sich auf 2050 m Seeh\u00f6he inmitten der K\u00e4rntner Bergwelt im Nationalpark Hohe Tauern. Erholung und Erlebnis vereinen sich hier durch [&hellip;]<\/p>\n","protected":false},"author":1,"featured_media":0,"parent":0,"menu_order":0,"comment_status":"closed","ping_status":"closed","template":"elementor_header_footer","meta":{"footnotes":""},"class_list":["post-2103","page","type-page","status-publish","hentry","post-no-thumbnail"],"yoast_head":"<!-- This site is optimized with the Yoast SEO plugin v27.3 - https:\/\/yoast.com\/product\/yoast-seo-wordpress\/ -->\n<title>\u00dcber uns - Almgasthaus Glocknerblick<\/title>\n<meta name=\"robots\" content=\"index, follow, max-snippet:-1, max-image-preview:large, max-video-preview:-1\" \/>\n<link rel=\"canonical\" href=\"https:\/\/almgasthaus-glocknerblick.at\/en\/ueber-uns\/\" \/>\n<meta property=\"og:locale\" content=\"en_US\" \/>\n<meta property=\"og:type\" content=\"article\" \/>\n<meta property=\"og:title\" content=\"\u00dcber uns - Almgasthaus Glocknerblick\" \/>\n<meta property=\"og:description\" content=\"Das Almgasthaus Glocknerblick\u00a0hat f\u00fcr Sie von Anfang Juni bis Mitte Oktober durchgehend ge\u00f6ffnet.Warme K\u00fcche t\u00e4glich von 12:00 \u2013 17:00. Wir bitten um Verst\u00e4ndnis, dass AUSSCHLIE\u00dfLICH BARZAHLUNG m\u00f6glich ist. Since 1995 Almgasthaus Glocknerblick Unser Almgasthaus befindet sich auf 2050 m Seeh\u00f6he inmitten der K\u00e4rntner Bergwelt im Nationalpark Hohe Tauern. Erholung und Erlebnis vereinen sich hier durch [&hellip;]\" \/>\n<meta property=\"og:url\" content=\"https:\/\/almgasthaus-glocknerblick.at\/en\/ueber-uns\/\" \/>\n<meta property=\"og:site_name\" content=\"Almgasthaus Glocknerblick\" \/>\n<meta property=\"article:modified_time\" content=\"2025-03-21T07:47:36+00:00\" \/>\n<meta property=\"og:image\" content=\"https:\/\/almgasthaus-glocknerblick.at\/wp-content\/uploads\/2025\/03\/DJI_0728-1024x757.jpg\" \/>\n<meta name=\"twitter:card\" content=\"summary_large_image\" \/>\n<meta name=\"twitter:label1\" content=\"Est. reading time\" \/>\n\t<meta name=\"twitter:data1\" content=\"4 minutes\" \/>\n<script type=\"application\/ld+json\" class=\"yoast-schema-graph\">{\"@context\":\"https:\\\/\\\/schema.org\",\"@graph\":[{\"@type\":\"WebPage\",\"@id\":\"https:\\\/\\\/almgasthaus-glocknerblick.at\\\/ueber-uns\\\/\",\"url\":\"https:\\\/\\\/almgasthaus-glocknerblick.at\\\/ueber-uns\\\/\",\"name\":\"\u00dcber uns - Almgasthaus Glocknerblick\",\"isPartOf\":{\"@id\":\"https:\\\/\\\/almgasthaus-glocknerblick.at\\\/#website\"},\"primaryImageOfPage\":{\"@id\":\"https:\\\/\\\/almgasthaus-glocknerblick.at\\\/ueber-uns\\\/#primaryimage\"},\"image\":{\"@id\":\"https:\\\/\\\/almgasthaus-glocknerblick.at\\\/ueber-uns\\\/#primaryimage\"},\"thumbnailUrl\":\"https:\\\/\\\/almgasthaus-glocknerblick.at\\\/wp-content\\\/uploads\\\/2025\\\/03\\\/DJI_0728-1024x757.jpg\",\"datePublished\":\"2021-03-23T03:33:54+00:00\",\"dateModified\":\"2025-03-21T07:47:36+00:00\",\"breadcrumb\":{\"@id\":\"https:\\\/\\\/almgasthaus-glocknerblick.at\\\/ueber-uns\\\/#breadcrumb\"},\"inLanguage\":\"en-US\",\"potentialAction\":[{\"@type\":\"ReadAction\",\"target\":[\"https:\\\/\\\/almgasthaus-glocknerblick.at\\\/ueber-uns\\\/\"]}]},{\"@type\":\"ImageObject\",\"inLanguage\":\"en-US\",\"@id\":\"https:\\\/\\\/almgasthaus-glocknerblick.at\\\/ueber-uns\\\/#primaryimage\",\"url\":\"https:\\\/\\\/almgasthaus-glocknerblick.at\\\/wp-content\\\/uploads\\\/2025\\\/03\\\/DJI_0728-1024x757.jpg\",\"contentUrl\":\"https:\\\/\\\/almgasthaus-glocknerblick.at\\\/wp-content\\\/uploads\\\/2025\\\/03\\\/DJI_0728-1024x757.jpg\"},{\"@type\":\"BreadcrumbList\",\"@id\":\"https:\\\/\\\/almgasthaus-glocknerblick.at\\\/ueber-uns\\\/#breadcrumb\",\"itemListElement\":[{\"@type\":\"ListItem\",\"position\":1,\"name\":\"Startseite\",\"item\":\"https:\\\/\\\/almgasthaus-glocknerblick.at\\\/\"},{\"@type\":\"ListItem\",\"position\":2,\"name\":\"\u00dcber uns\"}]},{\"@type\":\"WebSite\",\"@id\":\"https:\\\/\\\/almgasthaus-glocknerblick.at\\\/#website\",\"url\":\"https:\\\/\\\/almgasthaus-glocknerblick.at\\\/\",\"name\":\"Almgasthaus Glocknerblick\",\"description\":\"Elisabeth Granig\",\"potentialAction\":[{\"@type\":\"SearchAction\",\"target\":{\"@type\":\"EntryPoint\",\"urlTemplate\":\"https:\\\/\\\/almgasthaus-glocknerblick.at\\\/?s={search_term_string}\"},\"query-input\":{\"@type\":\"PropertyValueSpecification\",\"valueRequired\":true,\"valueName\":\"search_term_string\"}}],\"inLanguage\":\"en-US\"}]}<\/script>\n<!-- \/ Yoast SEO plugin. -->","yoast_head_json":{"title":"\u00dcber uns - Almgasthaus Glocknerblick","robots":{"index":"index","follow":"follow","max-snippet":"max-snippet:-1","max-image-preview":"max-image-preview:large","max-video-preview":"max-video-preview:-1"},"canonical":"https:\/\/almgasthaus-glocknerblick.at\/en\/ueber-uns\/","og_locale":"en_US","og_type":"article","og_title":"\u00dcber uns - Almgasthaus Glocknerblick","og_description":"Das Almgasthaus Glocknerblick\u00a0hat f\u00fcr Sie von Anfang Juni bis Mitte Oktober durchgehend ge\u00f6ffnet.Warme K\u00fcche t\u00e4glich von 12:00 \u2013 17:00. Wir bitten um Verst\u00e4ndnis, dass AUSSCHLIE\u00dfLICH BARZAHLUNG m\u00f6glich ist. Since 1995 Almgasthaus Glocknerblick Unser Almgasthaus befindet sich auf 2050 m Seeh\u00f6he inmitten der K\u00e4rntner Bergwelt im Nationalpark Hohe Tauern. Erholung und Erlebnis vereinen sich hier durch [&hellip;]","og_url":"https:\/\/almgasthaus-glocknerblick.at\/en\/ueber-uns\/","og_site_name":"Almgasthaus Glocknerblick","article_modified_time":"2025-03-21T07:47:36+00:00","og_image":[{"url":"https:\/\/almgasthaus-glocknerblick.at\/wp-content\/uploads\/2025\/03\/DJI_0728-1024x757.jpg","type":"","width":"","height":""}],"twitter_card":"summary_large_image","twitter_misc":{"Est. reading time":"4 minutes"},"schema":{"@context":"https:\/\/schema.org","@graph":[{"@type":"WebPage","@id":"https:\/\/almgasthaus-glocknerblick.at\/ueber-uns\/","url":"https:\/\/almgasthaus-glocknerblick.at\/ueber-uns\/","name":"\u00dcber uns - Almgasthaus Glocknerblick","isPartOf":{"@id":"https:\/\/almgasthaus-glocknerblick.at\/#website"},"primaryImageOfPage":{"@id":"https:\/\/almgasthaus-glocknerblick.at\/ueber-uns\/#primaryimage"},"image":{"@id":"https:\/\/almgasthaus-glocknerblick.at\/ueber-uns\/#primaryimage"},"thumbnailUrl":"https:\/\/almgasthaus-glocknerblick.at\/wp-content\/uploads\/2025\/03\/DJI_0728-1024x757.jpg","datePublished":"2021-03-23T03:33:54+00:00","dateModified":"2025-03-21T07:47:36+00:00","breadcrumb":{"@id":"https:\/\/almgasthaus-glocknerblick.at\/ueber-uns\/#breadcrumb"},"inLanguage":"en-US","potentialAction":[{"@type":"ReadAction","target":["https:\/\/almgasthaus-glocknerblick.at\/ueber-uns\/"]}]},{"@type":"ImageObject","inLanguage":"en-US","@id":"https:\/\/almgasthaus-glocknerblick.at\/ueber-uns\/#primaryimage","url":"https:\/\/almgasthaus-glocknerblick.at\/wp-content\/uploads\/2025\/03\/DJI_0728-1024x757.jpg","contentUrl":"https:\/\/almgasthaus-glocknerblick.at\/wp-content\/uploads\/2025\/03\/DJI_0728-1024x757.jpg"},{"@type":"BreadcrumbList","@id":"https:\/\/almgasthaus-glocknerblick.at\/ueber-uns\/#breadcrumb","itemListElement":[{"@type":"ListItem","position":1,"name":"Startseite","item":"https:\/\/almgasthaus-glocknerblick.at\/"},{"@type":"ListItem","position":2,"name":"\u00dcber uns"}]},{"@type":"WebSite","@id":"https:\/\/almgasthaus-glocknerblick.at\/#website","url":"https:\/\/almgasthaus-glocknerblick.at\/","name":"Almgasthaus Glocknerblick","description":"Elisabeth Granig","potentialAction":[{"@type":"SearchAction","target":{"@type":"EntryPoint","urlTemplate":"https:\/\/almgasthaus-glocknerblick.at\/?s={search_term_string}"},"query-input":{"@type":"PropertyValueSpecification","valueRequired":true,"valueName":"search_term_string"}}],"inLanguage":"en-US"}]}},"_links":{"self":[{"href":"https:\/\/almgasthaus-glocknerblick.at\/en\/wp-json\/wp\/v2\/pages\/2103","targetHints":{"allow":["GET"]}}],"collection":[{"href":"https:\/\/almgasthaus-glocknerblick.at\/en\/wp-json\/wp\/v2\/pages"}],"about":[{"href":"https:\/\/almgasthaus-glocknerblick.at\/en\/wp-json\/wp\/v2\/types\/page"}],"author":[{"embeddable":true,"href":"https:\/\/almgasthaus-glocknerblick.at\/en\/wp-json\/wp\/v2\/users\/1"}],"replies":[{"embeddable":true,"href":"https:\/\/almgasthaus-glocknerblick.at\/en\/wp-json\/wp\/v2\/comments?post=2103"}],"version-history":[{"count":90,"href":"https:\/\/almgasthaus-glocknerblick.at\/en\/wp-json\/wp\/v2\/pages\/2103\/revisions"}],"predecessor-version":[{"id":6692,"href":"https:\/\/almgasthaus-glocknerblick.at\/en\/wp-json\/wp\/v2\/pages\/2103\/revisions\/6692"}],"wp:attachment":[{"href":"https:\/\/almgasthaus-glocknerblick.at\/en\/wp-json\/wp\/v2\/media?parent=2103"}],"curies":[{"name":"wp","href":"https:\/\/api.w.org\/{rel}","templated":true}]}}