{"id":2101,"date":"2021-03-22T04:00:22","date_gmt":"2021-03-22T03:00:22","guid":{"rendered":"http:\/\/localhost\/nuss\/?page_id=21"},"modified":"2025-03-20T08:44:21","modified_gmt":"2025-03-20T07:44:21","slug":"kontakt","status":"publish","type":"page","link":"https:\/\/almgasthaus-glocknerblick.at\/en\/kontakt\/","title":{"rendered":"contact"},"content":{"rendered":"<div data-elementor-type=\"wp-page\" data-elementor-id=\"2101\" class=\"elementor elementor-2101\">\n\t\t\t\t\t\t<section class=\"elementor-section elementor-top-section elementor-element elementor-element-870f456 elementor-section-boxed elementor-section-gap-beside-yes elementor-section-height-default elementor-section-height-default elementor-section-column-vertical-align-stretch\" data-id=\"870f456\" data-element_type=\"section\" data-e-type=\"section\">\n\t\t\t\t\t\t<div class=\"elementor-container elementor-column-gap-extended\">\n\t\t\t\t\t<div class=\"elementor-column elementor-col-100 elementor-top-column elementor-element elementor-element-e6495f0\" data-id=\"e6495f0\" data-element_type=\"column\" data-e-type=\"column\">\n\t\t\t<div class=\"elementor-widget-wrap elementor-element-populated\">\n\t\t\t\t\t\t<div class=\"elementor-element elementor-element-5055c26 elementor-widget__width-initial elementor-invisible elementor-widget elementor-widget-text-editor\" data-id=\"5055c26\" data-element_type=\"widget\" data-e-type=\"widget\" data-settings=\"{&quot;_animation&quot;:&quot;nussFadeInUp&quot;}\" data-widget_type=\"text-editor.default\">\n\t\t\t\t<div class=\"elementor-widget-container\">\n\t\t\t\t\t\t\t\t\t<div class=\"elementor-element elementor-element-abd0441 elementor-widget elementor-widget-text-editor animated fadeInUp\" data-id=\"abd0441\" data-element_type=\"widget\" data-settings=\"{&quot;_animation&quot;:&quot;fadeInUp&quot;,&quot;_animation_delay&quot;:400,&quot;hoteller_ext_is_scrollme&quot;:&quot;false&quot;,&quot;hoteller_ext_is_smoove&quot;:&quot;false&quot;,&quot;hoteller_ext_is_parallax_mouse&quot;:&quot;false&quot;,&quot;hoteller_ext_is_infinite&quot;:&quot;false&quot;,&quot;hoteller_ext_is_fadeout_animation&quot;:&quot;false&quot;}\" data-widget_type=\"text-editor.default\"><div class=\"elementor-widget-container\"><div class=\"elementor-text-editor elementor-clearfix\"><p>Our establishment is available for holidays on the mountain pastures as well as for day trips from the beginning of June to mid-October.<\/p><p>The Almgasthaus Glocknerblick can be reached from Gro\u00dfkirchheim via a well-maintained alpine access path.<\/p><p>We look forward to seeing you!<br \/>The Granig family with employees<\/p><\/div><\/div><\/div>\t\t\t\t\t\t\t\t<\/div>\n\t\t\t\t<\/div>\n\t\t\t\t\t<\/div>\n\t\t<\/div>\n\t\t\t\t\t<\/div>\n\t\t<\/section>\n\t\t\t\t<section class=\"elementor-section elementor-top-section elementor-element elementor-element-e0fd702 elementor-section-boxed elementor-section-gap-beside-yes elementor-section-height-default elementor-section-height-default elementor-section-column-vertical-align-stretch\" data-id=\"e0fd702\" data-element_type=\"section\" data-e-type=\"section\">\n\t\t\t\t\t\t<div class=\"elementor-container elementor-column-gap-extended\">\n\t\t\t\t\t<div class=\"elementor-column elementor-col-50 elementor-top-column elementor-element elementor-element-16fac76\" data-id=\"16fac76\" data-element_type=\"column\" data-e-type=\"column\">\n\t\t\t<div class=\"elementor-widget-wrap elementor-element-populated\">\n\t\t\t\t\t\t<div class=\"elementor-element elementor-element-aa0c7e6 elementor-invisible elementor-widget elementor-widget-heading\" data-id=\"aa0c7e6\" data-element_type=\"widget\" data-e-type=\"widget\" data-settings=\"{&quot;_animation&quot;:&quot;nussFadeInUp&quot;}\" data-widget_type=\"heading.default\">\n\t\t\t\t<div class=\"elementor-widget-container\">\n\t\t\t\t\t<h3 class=\"elementor-heading-title elementor-size-default\">Almgasthaus Glocknerblick<\/h3>\t\t\t\t<\/div>\n\t\t\t\t<\/div>\n\t\t\t\t<div class=\"elementor-element elementor-element-17fe3e9 elementor-invisible elementor-widget elementor-widget-text-editor\" data-id=\"17fe3e9\" data-element_type=\"widget\" data-e-type=\"widget\" data-settings=\"{&quot;_animation&quot;:&quot;nussFadeInUp&quot;}\" data-widget_type=\"text-editor.default\">\n\t\t\t\t<div class=\"elementor-widget-container\">\n\t\t\t\t\t\t\t\t\t<p>Allas 13<br \/>9843 Gro\u00dfkirchheim<\/p><p>Tel.: <a href=\"tel:00436647900507\">+43 (0)664 7900507<\/a><\/p><p><span id=\"cloak63546\"><a href=\"mailto:granig.glocknerblick@gmail.com\">granig.glocknerblick@gmail.com<\/a><\/span><\/p>\t\t\t\t\t\t\t\t<\/div>\n\t\t\t\t<\/div>\n\t\t\t\t\t<\/div>\n\t\t<\/div>\n\t\t\t\t<div class=\"elementor-column elementor-col-50 elementor-top-column elementor-element elementor-element-43deaea\" data-id=\"43deaea\" data-element_type=\"column\" data-e-type=\"column\">\n\t\t\t<div class=\"elementor-widget-wrap elementor-element-populated\">\n\t\t\t\t\t\t<div class=\"elementor-element elementor-element-003fa0a elementor-invisible nuss-elementor-loading nuss-slide-in-right elementor-widget elementor-widget-google_maps\" data-id=\"003fa0a\" data-element_type=\"widget\" data-e-type=\"widget\" data-settings=\"{&quot;_animation&quot;:&quot;nussSlideInRight&quot;}\" data-widget_type=\"google_maps.default\">\n\t\t\t\t<div class=\"elementor-widget-container\">\n\t\t\t\t\t\t\t<div class=\"elementor-custom-embed\">\n\t\t\t<iframe loading=\"lazy\"\n\t\t\t\t\tsrc=\"https:\/\/maps.google.com\/maps?q=Almgasthaus%20Glocknerblick%2C%20Allas%2013%2C%209843%20Gro%C3%9Fkirchheim&#038;t=m&#038;z=10&#038;output=embed&#038;iwloc=near\"\n\t\t\t\t\ttitle=\"Almgasthaus Glocknerblick, Allas 13, 9843 Gro\u00dfkirchheim\"\n\t\t\t\t\taria-label=\"Almgasthaus Glocknerblick, Allas 13, 9843 Gro\u00dfkirchheim\"\n\t\t\t><\/iframe>\n\t\t<\/div>\n\t\t\t\t\t\t<\/div>\n\t\t\t\t<\/div>\n\t\t\t\t\t<\/div>\n\t\t<\/div>\n\t\t\t\t\t<\/div>\n\t\t<\/section>\n\t\t\t\t<\/div>","protected":false},"excerpt":{"rendered":"<p>F\u00fcr Urlaub auf der Alm als auch f\u00fcr Tagesausfl\u00fcge steht Ihnen unser Betrieb von Anfang Juni bis Mitte Oktober zur Verf\u00fcgung. Das Almgasthaus Glocknerblick ist von Gro\u00dfkirchheim aus \u00fcber einen gut befahrbaren Almaufschlie\u00dfungsweg erreichbar. Wir freuen uns auf Ihr Kommen!Die Familie Granig mit Mitarbeitern Almgasthaus Glocknerblick Allas 139843 Gro\u00dfkirchheim Tel.: +43 (0)664 7900507 granig.glocknerblick@gmail.com<\/p>","protected":false},"author":1,"featured_media":0,"parent":0,"menu_order":0,"comment_status":"closed","ping_status":"closed","template":"elementor_header_footer","meta":{"footnotes":""},"class_list":["post-2101","page","type-page","status-publish","hentry","post-no-thumbnail"],"yoast_head":"<!-- This site is optimized with the Yoast SEO plugin v27.3 - https:\/\/yoast.com\/product\/yoast-seo-wordpress\/ -->\n<title>Kontakt - Almgasthaus Glocknerblick<\/title>\n<meta name=\"robots\" content=\"index, follow, max-snippet:-1, max-image-preview:large, max-video-preview:-1\" \/>\n<link rel=\"canonical\" href=\"https:\/\/almgasthaus-glocknerblick.at\/en\/kontakt\/\" \/>\n<meta property=\"og:locale\" content=\"en_US\" \/>\n<meta property=\"og:type\" content=\"article\" \/>\n<meta property=\"og:title\" content=\"Kontakt - Almgasthaus Glocknerblick\" \/>\n<meta property=\"og:description\" content=\"F\u00fcr Urlaub auf der Alm als auch f\u00fcr Tagesausfl\u00fcge steht Ihnen unser Betrieb von Anfang Juni bis Mitte Oktober zur Verf\u00fcgung. Das Almgasthaus Glocknerblick ist von Gro\u00dfkirchheim aus \u00fcber einen gut befahrbaren Almaufschlie\u00dfungsweg erreichbar. Wir freuen uns auf Ihr Kommen!Die Familie Granig mit Mitarbeitern Almgasthaus Glocknerblick Allas 139843 Gro\u00dfkirchheim Tel.: +43 (0)664 7900507 granig.glocknerblick@gmail.com\" \/>\n<meta property=\"og:url\" content=\"https:\/\/almgasthaus-glocknerblick.at\/en\/kontakt\/\" \/>\n<meta property=\"og:site_name\" content=\"Almgasthaus Glocknerblick\" \/>\n<meta property=\"article:modified_time\" content=\"2025-03-20T07:44:21+00:00\" \/>\n<meta name=\"twitter:card\" content=\"summary_large_image\" \/>\n<meta name=\"twitter:label1\" content=\"Est. reading time\" \/>\n\t<meta name=\"twitter:data1\" content=\"1 minute\" \/>\n<script type=\"application\/ld+json\" class=\"yoast-schema-graph\">{\"@context\":\"https:\\\/\\\/schema.org\",\"@graph\":[{\"@type\":\"WebPage\",\"@id\":\"https:\\\/\\\/almgasthaus-glocknerblick.at\\\/kontakt\\\/\",\"url\":\"https:\\\/\\\/almgasthaus-glocknerblick.at\\\/kontakt\\\/\",\"name\":\"Kontakt - Almgasthaus Glocknerblick\",\"isPartOf\":{\"@id\":\"https:\\\/\\\/almgasthaus-glocknerblick.at\\\/#website\"},\"datePublished\":\"2021-03-22T03:00:22+00:00\",\"dateModified\":\"2025-03-20T07:44:21+00:00\",\"breadcrumb\":{\"@id\":\"https:\\\/\\\/almgasthaus-glocknerblick.at\\\/kontakt\\\/#breadcrumb\"},\"inLanguage\":\"en-US\",\"potentialAction\":[{\"@type\":\"ReadAction\",\"target\":[\"https:\\\/\\\/almgasthaus-glocknerblick.at\\\/kontakt\\\/\"]}]},{\"@type\":\"BreadcrumbList\",\"@id\":\"https:\\\/\\\/almgasthaus-glocknerblick.at\\\/kontakt\\\/#breadcrumb\",\"itemListElement\":[{\"@type\":\"ListItem\",\"position\":1,\"name\":\"Startseite\",\"item\":\"https:\\\/\\\/almgasthaus-glocknerblick.at\\\/\"},{\"@type\":\"ListItem\",\"position\":2,\"name\":\"Kontakt\"}]},{\"@type\":\"WebSite\",\"@id\":\"https:\\\/\\\/almgasthaus-glocknerblick.at\\\/#website\",\"url\":\"https:\\\/\\\/almgasthaus-glocknerblick.at\\\/\",\"name\":\"Almgasthaus Glocknerblick\",\"description\":\"Elisabeth Granig\",\"potentialAction\":[{\"@type\":\"SearchAction\",\"target\":{\"@type\":\"EntryPoint\",\"urlTemplate\":\"https:\\\/\\\/almgasthaus-glocknerblick.at\\\/?s={search_term_string}\"},\"query-input\":{\"@type\":\"PropertyValueSpecification\",\"valueRequired\":true,\"valueName\":\"search_term_string\"}}],\"inLanguage\":\"en-US\"}]}<\/script>\n<!-- \/ Yoast SEO plugin. -->","yoast_head_json":{"title":"Kontakt - Almgasthaus Glocknerblick","robots":{"index":"index","follow":"follow","max-snippet":"max-snippet:-1","max-image-preview":"max-image-preview:large","max-video-preview":"max-video-preview:-1"},"canonical":"https:\/\/almgasthaus-glocknerblick.at\/en\/kontakt\/","og_locale":"en_US","og_type":"article","og_title":"Kontakt - Almgasthaus Glocknerblick","og_description":"F\u00fcr Urlaub auf der Alm als auch f\u00fcr Tagesausfl\u00fcge steht Ihnen unser Betrieb von Anfang Juni bis Mitte Oktober zur Verf\u00fcgung. Das Almgasthaus Glocknerblick ist von Gro\u00dfkirchheim aus \u00fcber einen gut befahrbaren Almaufschlie\u00dfungsweg erreichbar. Wir freuen uns auf Ihr Kommen!Die Familie Granig mit Mitarbeitern Almgasthaus Glocknerblick Allas 139843 Gro\u00dfkirchheim Tel.: +43 (0)664 7900507 granig.glocknerblick@gmail.com","og_url":"https:\/\/almgasthaus-glocknerblick.at\/en\/kontakt\/","og_site_name":"Almgasthaus Glocknerblick","article_modified_time":"2025-03-20T07:44:21+00:00","twitter_card":"summary_large_image","twitter_misc":{"Est. reading time":"1 minute"},"schema":{"@context":"https:\/\/schema.org","@graph":[{"@type":"WebPage","@id":"https:\/\/almgasthaus-glocknerblick.at\/kontakt\/","url":"https:\/\/almgasthaus-glocknerblick.at\/kontakt\/","name":"Kontakt - Almgasthaus Glocknerblick","isPartOf":{"@id":"https:\/\/almgasthaus-glocknerblick.at\/#website"},"datePublished":"2021-03-22T03:00:22+00:00","dateModified":"2025-03-20T07:44:21+00:00","breadcrumb":{"@id":"https:\/\/almgasthaus-glocknerblick.at\/kontakt\/#breadcrumb"},"inLanguage":"en-US","potentialAction":[{"@type":"ReadAction","target":["https:\/\/almgasthaus-glocknerblick.at\/kontakt\/"]}]},{"@type":"BreadcrumbList","@id":"https:\/\/almgasthaus-glocknerblick.at\/kontakt\/#breadcrumb","itemListElement":[{"@type":"ListItem","position":1,"name":"Startseite","item":"https:\/\/almgasthaus-glocknerblick.at\/"},{"@type":"ListItem","position":2,"name":"Kontakt"}]},{"@type":"WebSite","@id":"https:\/\/almgasthaus-glocknerblick.at\/#website","url":"https:\/\/almgasthaus-glocknerblick.at\/","name":"Almgasthaus Glocknerblick","description":"Elisabeth Granig","potentialAction":[{"@type":"SearchAction","target":{"@type":"EntryPoint","urlTemplate":"https:\/\/almgasthaus-glocknerblick.at\/?s={search_term_string}"},"query-input":{"@type":"PropertyValueSpecification","valueRequired":true,"valueName":"search_term_string"}}],"inLanguage":"en-US"}]}},"_links":{"self":[{"href":"https:\/\/almgasthaus-glocknerblick.at\/en\/wp-json\/wp\/v2\/pages\/2101","targetHints":{"allow":["GET"]}}],"collection":[{"href":"https:\/\/almgasthaus-glocknerblick.at\/en\/wp-json\/wp\/v2\/pages"}],"about":[{"href":"https:\/\/almgasthaus-glocknerblick.at\/en\/wp-json\/wp\/v2\/types\/page"}],"author":[{"embeddable":true,"href":"https:\/\/almgasthaus-glocknerblick.at\/en\/wp-json\/wp\/v2\/users\/1"}],"replies":[{"embeddable":true,"href":"https:\/\/almgasthaus-glocknerblick.at\/en\/wp-json\/wp\/v2\/comments?post=2101"}],"version-history":[{"count":40,"href":"https:\/\/almgasthaus-glocknerblick.at\/en\/wp-json\/wp\/v2\/pages\/2101\/revisions"}],"predecessor-version":[{"id":6598,"href":"https:\/\/almgasthaus-glocknerblick.at\/en\/wp-json\/wp\/v2\/pages\/2101\/revisions\/6598"}],"wp:attachment":[{"href":"https:\/\/almgasthaus-glocknerblick.at\/en\/wp-json\/wp\/v2\/media?parent=2101"}],"curies":[{"name":"wp","href":"https:\/\/api.w.org\/{rel}","templated":true}]}}